{"id":929,"date":"2010-02-06T17:02:47","date_gmt":"2010-02-06T16:02:47","guid":{"rendered":"http:\/\/heimatverein.he-webpack.de\/?page_id=929"},"modified":"2024-06-04T19:22:44","modified_gmt":"2024-06-04T17:22:44","slug":"mitglied-werden","status":"publish","type":"page","link":"https:\/\/heimatverein.he-webpack.de\/?page_id=929","title":{"rendered":"Mitglied werden"},"content":{"rendered":"<p>Der HV B\u00f6rger arbeitet als gemeinn\u00fctziger Verein in vielen Arbeitsgruppen ehrenamtlich. Der Verein ist auf die Hilfe der Mitglieder, F\u00f6rderer und der Gemeinde sowie der anderen B\u00f6rger Vereine angewiesen. Durch eine Mitgliedschaft unterst\u00fctzt man die Arbeit im Verein. F\u00fcr <\/strong> (20 Euro im Jahr f\u00fcr die Einzelperson \/ 30 Euro pro Jahr f\u00fcr die Familie \/ den Verein) sind Sie Mitglied im Heimatverein B\u00f6rger.<\/p>\n<p><strong>Werden Sie Mitglied im Heimatverein B\u00f6rger!<\/strong><\/p>\n<p>Sollten Sie jedoch (aus welchen Gr\u00fcnden auch immer) nicht dem Verein beitreten wollen, sind Hilfen inform von Spenden oder \u00dcberlassungen herzlich willkommen. Der HV B\u00f6rger ist ein eingetragener Verein und als gemeinn\u00fctzig anerkannt. Wir k\u00f6nnen Spendenbescheinigungen ausstellen die vom Finanzamt anerkannt werden und steuerbeg\u00fcnstigt wirken. Kontaktieren Sie uns!<\/p>\n<blockquote><p>Spendenkonto Heimatverein B\u00f6rger \u2013 Betr.: Heimatarbeit und Familienforschung bei der<br \/>\nVolksbank Nordh\u00fcmmling in B\u00f6rger IBAN: DE88280697060010082000 BIC:GENODEF1BOG<\/p><\/blockquote>\n<p>Einfach das Formular ausdrucken und uns  unter (vorstand (at) heimatverein-boerger.de) zukommen lassen oder eine Kurznachricht \u00fcber die Seite &#8211; <a href=\"http:\/\/heimatverein.he-webpack.de\/?page_id=55\"><strong>KONTAKT<\/strong><\/a> &#8211;<\/p>\n<p><a href=\"http:\/\/heimatverein.he-webpack.de\/wp-content\/uploads\/2010\/02\/Mitgliedskarte-HV.jpg\" rel=\"lightbox[929]\"><img loading=\"lazy\" decoding=\"async\" src=\"http:\/\/heimatverein.he-webpack.de\/wp-content\/uploads\/2010\/02\/Mitgliedskarte-HV-300x247.jpg\" alt=\"Mitgliedskarte HV\" title=\"Mitgliedskarte HV\" width=\"375\" height=\"275\" class=\"alignnone size-medium wp-image-3476\" \/><\/a><\/p>\n<p>&#8212; Vielen Dank!<\/p>\n","protected":false},"excerpt":{"rendered":"<p>Der HV B\u00f6rger arbeitet als gemeinn\u00fctziger Verein in vielen Arbeitsgruppen ehrenamtlich. Der Verein ist auf die Hilfe der Mitglieder, F\u00f6rderer und der Gemeinde sowie der anderen B\u00f6rger Vereine angewiesen. Durch eine Mitgliedschaft unterst\u00fctzt man die Arbeit im Verein. F\u00fcr (20 Euro im Jahr f\u00fcr die Einzelperson \/ 30 Euro pro Jahr f\u00fcr die Familie \/ [&#8230;]<\/p>\n","protected":false},"author":2,"featured_media":0,"parent":0,"menu_order":0,"comment_status":"closed","ping_status":"open","template":"","meta":{"ngg_post_thumbnail":0,"footnotes":""},"class_list":["post-929","page","type-page","status-publish","hentry","odd"],"_links":{"self":[{"href":"https:\/\/heimatverein.he-webpack.de\/index.php?rest_route=\/wp\/v2\/pages\/929","targetHints":{"allow":["GET"]}}],"collection":[{"href":"https:\/\/heimatverein.he-webpack.de\/index.php?rest_route=\/wp\/v2\/pages"}],"about":[{"href":"https:\/\/heimatverein.he-webpack.de\/index.php?rest_route=\/wp\/v2\/types\/page"}],"author":[{"embeddable":true,"href":"https:\/\/heimatverein.he-webpack.de\/index.php?rest_route=\/wp\/v2\/users\/2"}],"replies":[{"embeddable":true,"href":"https:\/\/heimatverein.he-webpack.de\/index.php?rest_route=%2Fwp%2Fv2%2Fcomments&post=929"}],"version-history":[{"count":36,"href":"https:\/\/heimatverein.he-webpack.de\/index.php?rest_route=\/wp\/v2\/pages\/929\/revisions"}],"predecessor-version":[{"id":933,"href":"https:\/\/heimatverein.he-webpack.de\/index.php?rest_route=\/wp\/v2\/pages\/929\/revisions\/933"}],"wp:attachment":[{"href":"https:\/\/heimatverein.he-webpack.de\/index.php?rest_route=%2Fwp%2Fv2%2Fmedia&parent=929"}],"curies":[{"name":"wp","href":"https:\/\/api.w.org\/{rel}","templated":true}]}}