{"id":901,"date":"2010-02-04T20:13:39","date_gmt":"2010-02-04T19:13:39","guid":{"rendered":"http:\/\/heimatverein.he-webpack.de\/?page_id=901"},"modified":"2022-08-03T09:35:29","modified_gmt":"2022-08-03T07:35:29","slug":"links","status":"publish","type":"page","link":"https:\/\/heimatverein.he-webpack.de\/?page_id=901","title":{"rendered":"Interessante Seiten"},"content":{"rendered":"<blockquote><p><a href=\"http:\/\/www.gemeinde-boerger.de\"><a href=\"http:\/\/heimatverein.he-webpack.de\/wp-content\/uploads\/2009\/06\/Wappen-B\u00f6rger.jpg\"><img loading=\"lazy\" decoding=\"async\" src=\"http:\/\/heimatverein.he-webpack.de\/wp-content\/uploads\/2009\/06\/Wappen-B\u00f6rger-150x150.jpg\" alt=\"\" width=\"100\" height=\"100\" class=\"alignleft size-thumbnail wp-image-869\" \/><\/a><\/a><\/p>\n<p>Seit M\u00e4rz 2019 sind auch die Seiten der Gemeinde im<br \/>\nInternet wieder zu erreichen. Auf dem Layoutbild<br \/>\nsieht man das Wappen der Gemeinde B\u00f6rger. Die Gemeinde<br \/>\nB\u00f6rger hat ihren Sitz nun am Alten Schulhof an der<br \/>\nNeub\u00f6rgerstra\u00dfe Ecke S\u00f6geler Stra\u00dfe. Es ist die alte<br \/>\nVolksschule B\u00f6rger von 1938. Die Umbauarbeiten zum<br \/>\nGemeindehaus sind im Jahre 2019 fertig geworden.\n<\/p><\/blockquote>\n<\/blockquote>\n<blockquote><p><a href=\"http:\/\/www.pfarreiengemeinschaft-st-barbara.de\"><img loading=\"lazy\" decoding=\"async\" src=\"http:\/\/heimatverein.he-webpack.de\/wp-content\/uploads\/2019\/01\/StBarbara-300x177.jpg\" alt=\"\" width=\"150\" height=\"90\" class=\"alignleft size-medium wp-image-8620\" srcset=\"https:\/\/heimatverein.he-webpack.de\/wp-content\/uploads\/2019\/01\/StBarbara-300x177.jpg 300w, https:\/\/heimatverein.he-webpack.de\/wp-content\/uploads\/2019\/01\/StBarbara-150x89.jpg 150w, https:\/\/heimatverein.he-webpack.de\/wp-content\/uploads\/2019\/01\/StBarbara-400x236.jpg 400w, https:\/\/heimatverein.he-webpack.de\/wp-content\/uploads\/2019\/01\/StBarbara.jpg 1200w\" sizes=\"auto, (max-width: 150px) 100vw, 150px\" \/><\/a><\/p>\n<p>Und auch die Kirche hat ein neue Homepage.<br \/>\nDie kath. Kirchengemeinden der Gemeinschaft<br \/>\nSankt Barbara (St. Jodokus B\u00f6rger, Sankt<br \/>\nJohannes B\u00f6rgermoor, St.Josef B\u00f6rgerwald<br \/>\nund Herz Jesu Neub\u00f6rger, sind \u00fcber diesen<br \/>\nLink zu erreichen. Hier sind wichtige<br \/>\nInfos aktuell ver\u00f6ffentlicht.<\/p><\/blockquote>\n<blockquote><p><a href=\"http:\/\/www.juki-boerger.de\" rel=\"attachment wp-att-5424\"><img loading=\"lazy\" decoding=\"async\" src=\"http:\/\/heimatverein.he-webpack.de\/wp-content\/uploads\/2016\/01\/JuKi-Logo-200x150.jpg\" alt=\"JuKi Logo\" width=\"85\" height=\"90\" class=\"alignleft size-thumbnail wp-image-5424\" \/><\/a><\/p>\n<p>Mit einer neuen Homepage stellt sich der<br \/>\n&#8222;F\u00f6rderverein Kinder- und Jugendhilfe B\u00f6rger&#8220;<br \/>\nnun vor. Hier gibt es Informationen \u00fcber die<br \/>\nArbeit dieser Gruppe in Sachen Jugend- und<br \/>\nKinderhilfe. Gegr\u00fcndet wurde der Verein im<br \/>\nJahre 2002. Mit einem Mausklick auf das Logo<br \/>\ngeht es zu den Seiten. <\/p><\/blockquote>\n<blockquote><p>\n<a href=\"http:\/\/www.eintracht-boerger.de\"><img loading=\"lazy\" decoding=\"async\" src=\"http:\/\/heimatverein.he-webpack.de\/wp-content\/uploads\/2010\/02\/Eintracht-logo.jpg\" alt=\"Eintracht logo\" title=\"Eintracht logo\" width=\"82\" height=\"82\" class=\"alignleft size-full wp-image-1087\" \/><br \/>\n<\/a><\/p>\n<p>Der Weg zum Sportverein B\u00f6rger f\u00fchrt<br \/>\n\u00fcber einen Mausklick auf das Logo des<br \/>\nVereins. Hier findet man aktuelle Infos<br \/>\n\u00fcber alle Sparten des vielseitigen Breit-<br \/>\nensportvereins Eintracht B\u00f6rger e.V.<\/p>\n<p><\/a><\/p><\/blockquote>\n<blockquote><p><a href=\"http:\/\/www.kljb-boerger.de\"><img loading=\"lazy\" decoding=\"async\" src=\"http:\/\/heimatverein.he-webpack.de\/wp-content\/uploads\/2010\/02\/KLJB-Logo.jpg\" alt=\"KLJB Logo\" title=\"KLJB Logo\" width=\"96\" height=\"94\" class=\"alignleft size-full wp-image-1085\" \/><\/a><\/p>\n<p>Die KLJB B\u00f6rger betreibt seit einigen<br \/>\nJahren eine klasse Homepage. Es lohnt<br \/>\nsich hier einmal hineinzuschauen. Sie<br \/>\nist immer mit vielen Bilder auf dem<br \/>\naktuellen Stand. Mit einem Klick auf<br \/>\ndas Logo geht es los &#8230;<br \/>\n<\/a><\/p><\/blockquote>\n<blockquote><p><a href=\"http:\/\/www.zelabo.de\"><img loading=\"lazy\" decoding=\"async\" src=\"http:\/\/heimatverein.he-webpack.de\/wp-content\/uploads\/2010\/02\/Ferienlager.jpg\" alt=\"Ferienlager\" title=\"Ferienlager\" width=\"109\" height=\"109\" class=\"alignleft size-full wp-image-1086\" \/><br \/>\n<\/a><\/p>\n<p>Das Ferienlager Sankt Jodokus B\u00f6rger<br \/>\nhat auch eine Homepage. Hier liegen<br \/>\nInfos und Bilder \u00fcber das Lagerleben<br \/>\nder letzten Jahre und Infos \u00fcber ge-<br \/>\nplante Zeltlager. Mit einem Mausklick<br \/>\nauf das Logo geht es weiter &#8230;<\/p>\n<\/blockquote>\n<blockquote><p><a href=\"http:\/\/www.boerger-huemmling.de\/index.php?module=pagemaster&#038;PAGE_user_op=view_page&#038;PAGE_id=77&#038;MMN_position=121:121\"><img loading=\"lazy\" decoding=\"async\" src=\"http:\/\/heimatverein.he-webpack.de\/wp-content\/uploads\/2010\/02\/Kolping.jpg\" alt=\"Kolping\" title=\"Kolping\" width=\"97\" height=\"96\" class=\"alignleft size-full wp-image-1151\" \/><\/a><\/p>\n<p>Die Kolpingfamilie ist in B\u00f6rger seit \u00fcber<br \/>\n50 Jahren aktiv. Die Vereinigung hat sich<br \/>\nzum Ziel gesetzt seine Mitglieder zu bef\u00e4h-<br \/>\nigen, sich als Christen in der Welt zu be-<br \/>\nw\u00e4hren und Lebenshilfen aufgrund der<br \/>\nChristlichen Sozial\/Gesellschaftslehre an-<br \/>\nzubieten.<\/p>\n<\/blockquote>\n<blockquote><p><a href=\"http:\/\/www.schuetzenverein-boerger.de\/index.php?module=pagemaster&#038;PAGE_user_op=view_page&#038;PAGE_id=80&#038;MMN_position=124:124\"><img loading=\"lazy\" decoding=\"async\" src=\"http:\/\/heimatverein.he-webpack.de\/wp-content\/uploads\/2010\/02\/Sch\u00fctzenv.jpg\" alt=\"Sch\u00fctzenverein B\u00f6rger\" title=\"Sch\u00fctzenverein B\u00f6rger\" width=\"108\" height=\"111\" class=\"alignleft size-full wp-image-1148\" \/><\/a><\/p>\n<p>Infos \u00fcber den Sch\u00fctzenverein B\u00f6rger gibt<br \/>\nes auf der neuen Homepage des Sch\u00fctzen-<br \/>\nverein B\u00f6rger e. V.. Mit einem Mausklick auf<br \/>\ndas Logo gelangt man schnell dorthin. Hier<br \/>\nerf\u00e4hrt man etwas vom Verein an sich, der<br \/>\nGeschichte, Aktivit\u00e4ten in der Gemeinde. Der<br \/>\nVerein z\u00e4hlt z.Zt. etwa 400 Mitglieder. Der<br \/>\nSch\u00fctzenplatz liegt an der Waldstra\u00dfe.<\/p>\n<\/blockquote>\n<blockquote><p>\n<a href=\"http:\/\/heimatverein.he-webpack.de\/wp-content\/uploads\/2020\/10\/Grundschule-Bg.jpg\" rel=\"lightbox[901]\"><img loading=\"lazy\" decoding=\"async\" src=\"http:\/\/heimatverein.he-webpack.de\/wp-content\/uploads\/2020\/10\/Grundschule-Bg-200x150.jpg\" alt=\"\" width=\"100\" height=\"75\" class=\"alignleft size-thumbnail wp-image-9633\" \/><\/a><\/p>\n<p>Informativ, aktuell und immer interessant<br \/>\nsind die Seiten der Grundschule B\u00f6rger<br \/>\nViele Sch\u00fcler machen hier erste Erfahrungen<br \/>\nmit der Erstellung von Ver\u00f6ffentlichungen<br \/>\nim Internet. Die Lehrer helfen. Tolle Seite!<\/p>\n<p>.<\/p>\n<\/blockquote>\n<blockquote><p><a href=\"http:\/\/www.freieschulehuemmling.de\/index.php\/homepage\"><img loading=\"lazy\" decoding=\"async\" src=\"http:\/\/heimatverein.he-webpack.de\/wp-content\/uploads\/2010\/02\/FS-H\u00fcmmling.jpg\" alt=\"FSH B\u00f6rger\" title=\"FSH B\u00f6rger\" width=\"100\" height=\"104\" class=\"alignleft size-full wp-image-2677\" \/><\/a><\/p>\n<p>Die Freie Schule H\u00fcmmling stellt sich auf<br \/>\neiner eigenen Seite vor. Die Schule und<br \/>\ndie Homepage sind noch im Aufbau. Im<br \/>\nSchuljahr 2012\/2013 werden zwei Jahr-<br \/>\ng\u00e4nge unterrichtet. Es l\u00e4uft!<\/p>\n<p>.\n<\/p><\/blockquote>\n<blockquote><p><a href=\"http:\/\/www.huemmlinger-musikanten.de\"><img loading=\"lazy\" decoding=\"async\" src=\"http:\/\/heimatverein.he-webpack.de\/wp-content\/uploads\/2010\/02\/H\u00fcmMus-134x150.jpg\" alt=\"H\u00fcmMus\" title=\"H\u00fcmMus\" width=\"90\" height=\"90\" class=\"alignleft size-thumbnail wp-image-4157\" \/><\/a><\/p>\n<p>Die H\u00fcmmlinger Musikanten pr\u00e4sentieren<br \/>\nsich seit kurzem auf neu gestalteten<br \/>\nSeiten im Internet. Hier findet der User<br \/>\nwichtige Informationen \u00fcber den Verein.<br \/>\nMit einem Klick auf das Logo geht es auf<br \/>\ndie Seite der B\u00f6rger Musikanten.<\/p>\n<p>.\n<\/p><\/blockquote>\n","protected":false},"excerpt":{"rendered":"<\/p>\n<p>Seit M\u00e4rz 2019 sind auch die Seiten der Gemeinde im Internet wieder zu erreichen. Auf dem Layoutbild sieht man das Wappen der Gemeinde B\u00f6rger. Die Gemeinde B\u00f6rger hat ihren Sitz nun am Alten Schulhof an der Neub\u00f6rgerstra\u00dfe Ecke S\u00f6geler Stra\u00dfe. Es ist die alte Volksschule B\u00f6rger von 1938. Die Umbauarbeiten zum Gemeindehaus sind im [&#8230;]<\/p>\n","protected":false},"author":2,"featured_media":0,"parent":0,"menu_order":0,"comment_status":"closed","ping_status":"open","template":"","meta":{"ngg_post_thumbnail":0,"footnotes":""},"class_list":["post-901","page","type-page","status-publish","hentry","odd"],"_links":{"self":[{"href":"https:\/\/heimatverein.he-webpack.de\/index.php?rest_route=\/wp\/v2\/pages\/901","targetHints":{"allow":["GET"]}}],"collection":[{"href":"https:\/\/heimatverein.he-webpack.de\/index.php?rest_route=\/wp\/v2\/pages"}],"about":[{"href":"https:\/\/heimatverein.he-webpack.de\/index.php?rest_route=\/wp\/v2\/types\/page"}],"author":[{"embeddable":true,"href":"https:\/\/heimatverein.he-webpack.de\/index.php?rest_route=\/wp\/v2\/users\/2"}],"replies":[{"embeddable":true,"href":"https:\/\/heimatverein.he-webpack.de\/index.php?rest_route=%2Fwp%2Fv2%2Fcomments&post=901"}],"version-history":[{"count":75,"href":"https:\/\/heimatverein.he-webpack.de\/index.php?rest_route=\/wp\/v2\/pages\/901\/revisions"}],"predecessor-version":[{"id":8864,"href":"https:\/\/heimatverein.he-webpack.de\/index.php?rest_route=\/wp\/v2\/pages\/901\/revisions\/8864"}],"wp:attachment":[{"href":"https:\/\/heimatverein.he-webpack.de\/index.php?rest_route=%2Fwp%2Fv2%2Fmedia&parent=901"}],"curies":[{"name":"wp","href":"https:\/\/api.w.org\/{rel}","templated":true}]}}