{"id":51,"date":"2009-03-18T01:41:33","date_gmt":"2009-03-18T00:41:33","guid":{"rendered":"http:\/\/heimatverein.he-webpack.de\/?page_id=51"},"modified":"2014-12-04T04:20:05","modified_gmt":"2014-12-04T03:20:05","slug":"uber-uns","status":"publish","type":"page","link":"https:\/\/heimatverein.he-webpack.de\/?page_id=51","title":{"rendered":"Verantwortlich"},"content":{"rendered":"<p>Das Team: von Heimatverein-boerger.de ist bem\u00fcht, das Webangebot inhaltlich richtig anzubieten. Dennoch ist das Auftreten von Fehlern nicht auszuschlie\u00dfen. Die Homepage ist inhaltlich von Hermann Ubbenjans erstellt, Hermann Jansen, Nordkamp war bei der technischen Umsetzung behilflich. Wir \u00fcbernehmen keine Haftung f\u00fcr die Aktualit\u00e4t, die inhaltliche Richtigkeit sowie f\u00fcr die Vollst\u00e4ndigkeit. Dies bezieht sich auf eventuelle Sch\u00e4den materieller oder ideeller Art Dritter, die durch die Nutzung dieses Webangebotes verursacht wurden.<\/p>\n<p>Copyright: Illustrationen, die verwendeten Grafiken und Bilder, die Sammlung sowie einzelnen Beitr\u00e4ge sind urheberrechtlich gesch\u00fctzt. Alle Rechte, auch die der fotomechanischen Wiedergabe, der Vervielf\u00e4ltigung und der Verbreitung mittels besonderer Verfahren (zum Beispiel Datenverarbeitung, Datentr\u00e4ger und Datennetze), auch teilweise, behalten sich die Eigent\u00fcmer der Bilder vor.<\/p>\n<p>Externe Verweise und Links: Wir haben auf diesen Seiten Verkn\u00fcpfungen zu anderen Seiten im Internet angelegt. Auf s\u00e4mtliche Links haben wir keinerlei Einfluss. Deshalb distanzieren wir uns hiermit ausdr\u00fccklich von allen Inhalten der verkn\u00fcpften Seiten. Diese Erkl\u00e4rung gilt f\u00fcr alle auf dieser Seite ausgebrachten Links und f\u00fcr alle Inhalte der Seiten, zu denen ggf. Banner f\u00fchren.<\/p>\n<p>Datenschutz: Sofern innerhalb des Internetangebotes die M\u00f6glichkeit der Eingabe von pers\u00f6nlichen Daten (E-Mailadresse, Namen, Anschriften) besteht, erfolgt diese freiwillig.<\/p>\n<p>Informationen zu Cookies: Cookies sind Textdateien, die Informationen enthalten, um wiederkehrende Besucher ausschlie\u00dflich f\u00fcr die Dauer des Besuches auf unseren Internetseiten zu identifizieren. Cookies werden auf der Festplatte Ihres Computers abgespeichert und richten dort keinen Schaden an. Die Cookies unserer Internetseiten enthalten keinerlei pers\u00f6nliche Daten. Cookies ersparen Ihnen die Mehrfacheingabe von Daten, erleichtern Ihnen die \u00dcbermittlung spezifischer Inhalte und helfen uns bei der Identifizierung besonders popul\u00e4rer Bereiche unseres Onlineangebots. So sind wir u. a. in der Lage, die Inhalte unserer Internetseiten genau auf Ihre Bed\u00fcrfnisse abzustimmen. Wenn Sie es w\u00fcnschen, k\u00f6nnen Sie die Verwendung von Cookies jederzeit \u00fcber die Einstellungen Ihres Browsers deaktivieren. Bitte verwenden Sie die Hilfefunktionen Ihres Browserfensters, um zu erfahren, wie Sie diese Einstellungen \u00e4ndern k\u00f6nnen.<\/p>\n<p>Vielen Dank f\u00fcr Ihr Verst\u00e4ndnis<br \/>\nHermann Ubbenjans, HV B\u00f6rger<\/p>\n","protected":false},"excerpt":{"rendered":"<p>Das Team: von Heimatverein-boerger.de ist bem\u00fcht, das Webangebot inhaltlich richtig anzubieten. Dennoch ist das Auftreten von Fehlern nicht auszuschlie\u00dfen. Die Homepage ist inhaltlich von Hermann Ubbenjans erstellt, Hermann Jansen, Nordkamp war bei der technischen Umsetzung behilflich. Wir \u00fcbernehmen keine Haftung f\u00fcr die Aktualit\u00e4t, die inhaltliche Richtigkeit sowie f\u00fcr die Vollst\u00e4ndigkeit. Dies bezieht sich auf eventuelle [&#8230;]<\/p>\n","protected":false},"author":1,"featured_media":0,"parent":0,"menu_order":16,"comment_status":"closed","ping_status":"closed","template":"","meta":{"ngg_post_thumbnail":0,"footnotes":""},"class_list":["post-51","page","type-page","status-publish","hentry","odd"],"_links":{"self":[{"href":"https:\/\/heimatverein.he-webpack.de\/index.php?rest_route=\/wp\/v2\/pages\/51","targetHints":{"allow":["GET"]}}],"collection":[{"href":"https:\/\/heimatverein.he-webpack.de\/index.php?rest_route=\/wp\/v2\/pages"}],"about":[{"href":"https:\/\/heimatverein.he-webpack.de\/index.php?rest_route=\/wp\/v2\/types\/page"}],"author":[{"embeddable":true,"href":"https:\/\/heimatverein.he-webpack.de\/index.php?rest_route=\/wp\/v2\/users\/1"}],"replies":[{"embeddable":true,"href":"https:\/\/heimatverein.he-webpack.de\/index.php?rest_route=%2Fwp%2Fv2%2Fcomments&post=51"}],"version-history":[{"count":12,"href":"https:\/\/heimatverein.he-webpack.de\/index.php?rest_route=\/wp\/v2\/pages\/51\/revisions"}],"predecessor-version":[{"id":4324,"href":"https:\/\/heimatverein.he-webpack.de\/index.php?rest_route=\/wp\/v2\/pages\/51\/revisions\/4324"}],"wp:attachment":[{"href":"https:\/\/heimatverein.he-webpack.de\/index.php?rest_route=%2Fwp%2Fv2%2Fmedia&parent=51"}],"curies":[{"name":"wp","href":"https:\/\/api.w.org\/{rel}","templated":true}]}}