{"id":4786,"date":"2015-04-12T08:44:20","date_gmt":"2015-04-12T06:44:20","guid":{"rendered":"http:\/\/heimatverein.he-webpack.de\/?page_id=4786"},"modified":"2024-04-30T08:06:56","modified_gmt":"2024-04-30T06:06:56","slug":"gemeinde-borger-3","status":"publish","type":"page","link":"https:\/\/heimatverein.he-webpack.de\/?page_id=4786","title":{"rendered":"Organisationen"},"content":{"rendered":"<p><strong>Organisationen der Gemeinde und Ansprechpartner<\/strong><\/p>\n<div id=\"attachment_551\" style=\"width: 310px\" class=\"wp-caption alignright\"><a href=\"http:\/\/heimatverein.he-webpack.de\/wp-content\/uploads\/2009\/10\/Schafstall.jpg\" rel=\"lightbox[4786]\"><img loading=\"lazy\" decoding=\"async\" aria-describedby=\"caption-attachment-551\" class=\"size-medium wp-image-551\" title=\"Schafstall am Wacholderhain B\u00f6rger\" src=\"http:\/\/heimatverein.he-webpack.de\/wp-content\/uploads\/2009\/10\/Schafstall-300x225.jpg\" alt=\"Schafstall am Wacholderhain\" width=\"300\" height=\"225\" srcset=\"https:\/\/heimatverein.he-webpack.de\/wp-content\/uploads\/2009\/10\/Schafstall-300x225.jpg 300w, https:\/\/heimatverein.he-webpack.de\/wp-content\/uploads\/2009\/10\/Schafstall-1024x768.jpg 1024w, https:\/\/heimatverein.he-webpack.de\/wp-content\/uploads\/2009\/10\/Schafstall.jpg 1280w\" sizes=\"auto, (max-width: 300px) 100vw, 300px\" \/><\/a><p id=\"caption-attachment-551\" class=\"wp-caption-text\">Schafstall am Wacholderhain<\/p><\/div>\n<p>Gemeindeb\u00fcro \/ Fremdenverkehrsb\u00fcro; Alter Schulhof 1, erreichbar unter<br \/>\nTel.:05953-323 Fax: 05953-472 und E-Mail info (at) boerger-huemmling.de<br \/>\nBauhof am M\u00fchlenberg 25 Tel.: 05952-1451<\/p>\n<p>Arztpraxis f\u00fcr Allgemeinmedizin Karl Heinz Ameln,<br \/>\nund Frau Dr. med. Willoh-Angenendt mit Team<br \/>\nAm Brink 1A (\u00c4rztehaus am St. Josefstift B\u00f6rger)<br \/>\nTel.:05953-92010 und 05953-920110<\/p>\n<p>Zahnarztpraxis Heinz Gerdes<br \/>\nLars Gerdes, Susanne Beimesche und Team<br \/>\nTannenweg 14, Tel.: 05953-542<\/p>\n<p>Tierarzt Klaus W\u00f6ste, D\u00fcnenweg 28,<br \/>\nTel.: 05953-391, Fax 05953-1419<br \/>\nKleintierpraxis am M\u00fchlenberg Dr. vet. Nicole Schneider,<br \/>\nM\u00fchlenberg 16, Tel.: 05953-925464 (info(at)kleintierpraxis-boerger.de)<br \/>\nTierheilpraktikerin Andrea Brandt-Weber Heideweg 9,<br \/>\n26904 B\u00f6rger Tel.: 05953-8989<\/p>\n<p>St.-Josef-Stift GmbH, Am Brink 1, 26904 B\u00f6rger<br \/>\nH\u00e4usliche Pflegeunterst\u00fctzung, Tagespflege, Kurzzeitpflege<br \/>\nBetreutes Wohnen, Essen auf R\u00e4dern &#8211; Tel.: 05953-92100<br \/>\nFax: 05953-921050 Mail: st.josef.stift.gmbh (at) ewetel.net<\/p>\n<p>Kath. Kirchengemeinde St.-Jodocus, Kirchstra\u00dfe 2, 26904 B\u00f6rger<br \/>\nim Pfarrverbund St. Barbara (Bg &#8211; Bgwald, Bgmoor, Neubg.)<br \/>\nPfarrer Pater Jomon, Tel. 05953-245<br \/>\nE-Mail: kath.pfarramt.boerger (at) ewetel.net<\/p>\n<div id=\"attachment_1461\" style=\"width: 310px\" class=\"wp-caption alignright\"><a href=\"http:\/\/heimatverein.he-webpack.de\/wp-content\/uploads\/2010\/05\/Ubben-Kr\u00fcss122.jpg\"><img loading=\"lazy\" decoding=\"async\" aria-describedby=\"caption-attachment-1461\" class=\"size-medium wp-image-1461\" title=\"Ubben Kr\u00fcss\" src=\"http:\/\/heimatverein.he-webpack.de\/wp-content\/uploads\/2010\/05\/Ubben-Kr\u00fcss122-300x224.jpg\" alt=\"Ubben Kr\u00fcss im Esch\" width=\"300\" height=\"224\" srcset=\"https:\/\/heimatverein.he-webpack.de\/wp-content\/uploads\/2010\/05\/Ubben-Kr\u00fcss122-300x224.jpg 300w, https:\/\/heimatverein.he-webpack.de\/wp-content\/uploads\/2010\/05\/Ubben-Kr\u00fcss122-1024x767.jpg 1024w, https:\/\/heimatverein.he-webpack.de\/wp-content\/uploads\/2010\/05\/Ubben-Kr\u00fcss122.jpg 1200w\" sizes=\"auto, (max-width: 300px) 100vw, 300px\" \/><\/a><p id=\"caption-attachment-1461\" class=\"wp-caption-text\">Ubben Kr\u00fcss im Esch<\/p><\/div>\n<p>Ev. Markusgemeinde S\u00f6gel\/B\u00f6rger, Kirche am Loruperweg<br \/>\nin 49751 S\u00f6gel, Pfarrer Mathias Voss<br \/>\nTel.: 05952-1296, Fax: 05952-990117<br \/>\nMail: Ev-luth.Pfarramt.Soegel (at) ewetel.net<\/p>\n<p>Jugendheim und Pfarrgemeindehaus Poststra\u00dfe 3<br \/>\nf\u00fcr die kirchlichen Vereine und Gruppen (Kolping, KLJB, \u00f6ffentl. B\u00fccherei<br \/>\nPfarrgemeinderat und Kirchenvorstand)<br \/>\nerreichbar \u00fcber die Pfarrgemeinde St. Jodokus B\u00f6rger<\/p>\n<p>Kindergarten Speelhus u. Heilp\u00e4dagogischer Kindergarten<br \/>\nJahnstra\u00dfe 10, 26904 B\u00f6rger, Tel. 05953-453<br \/>\nMail: kiga-boerger (at) ewetel.net Fax: 05953-453<br \/>\nLeiterin Marg. Pohlgeers, Gartenstra\u00dfe Tel. 05953-297<\/p>\n<p>Kindergarten L\u00fctke L\u00fce,<br \/>\nRingstra\u00dfe 10, 26904 B\u00f6rger Tel.: 05953-323<br \/>\nLeiterin: Karina L\u00fcckenjans, B\u00f6rger<\/p>\n<p>Grundschule B\u00f6rger, Schulstra\u00dfe 22<br \/>\nSchulleiterin: Frau Annika Helle<br \/>\nTel.: 05953-261 Fax: 05953-949717<br \/>\nMail: info (at) ghs-boerger.de<\/p>\n<p>Freie Schule H\u00fcmmling (Realschule) in B\u00f6rger<br \/>\nMarienweg 12, 26904 B\u00f6rger<br \/>\nSchulleitung Frau Sandra Klaas<br \/>\nTel.: 05953-9487944<br \/>\nMail: info (at) freieschulehuemmling.de<\/p>\n<p>Schwimmbad \/ Turn- und Sporthalle an der Jahnstra\u00dfe<br \/>\nerreichbar \u00fcber die Gemeindeverwaltung B\u00f6rger<br \/>\nTel.: 05953-323, Fax: 05953-472 oder<br \/>\nMail: boerger (at) soegel.de<\/p>\n<div id=\"attachment_3039\" style=\"width: 310px\" class=\"wp-caption alignright\"><a href=\"http:\/\/heimatverein.he-webpack.de\/wp-content\/uploads\/2013\/07\/Weidenkirche-1200.jpg\" rel=\"lightbox[4786]\"><img loading=\"lazy\" decoding=\"async\" aria-describedby=\"caption-attachment-3039\" class=\"size-medium wp-image-3039\" title=\"Weidenkirche 1200\" src=\"http:\/\/heimatverein.he-webpack.de\/wp-content\/uploads\/2013\/07\/Weidenkirche-1200-300x226.jpg\" alt=\"Weidenkirche B\u00f6rger\" width=\"300\" height=\"226\" srcset=\"https:\/\/heimatverein.he-webpack.de\/wp-content\/uploads\/2013\/07\/Weidenkirche-1200-300x226.jpg 300w, https:\/\/heimatverein.he-webpack.de\/wp-content\/uploads\/2013\/07\/Weidenkirche-1200-200x150.jpg 200w, https:\/\/heimatverein.he-webpack.de\/wp-content\/uploads\/2013\/07\/Weidenkirche-1200-1024x772.jpg 1024w, https:\/\/heimatverein.he-webpack.de\/wp-content\/uploads\/2013\/07\/Weidenkirche-1200.jpg 1200w\" sizes=\"auto, (max-width: 300px) 100vw, 300px\" \/><\/a><p id=\"caption-attachment-3039\" class=\"wp-caption-text\">Weidenkirche B\u00f6rger<\/p><\/div>\n<p>Rasensport- \/ Tenniszentrum des Sportverein<br \/>\nDJK Eintracht B\u00f6rger an der Waldstra\u00dfe 60<br \/>\nVorsitzender Jan Heinemann, Tel.: 05953-925164<br \/>\nMail: vorstand (at) eintracht-boerger.de<\/p>\n<p>Reitsportzentrum B\u00f6rger Tannenweg 31<br \/>\nVorsitzende Katharina Fleer, TelNr. Reithalle: 05953-1399<br \/>\nMail \u00fcber Schriftf\u00fchrerin: juliagoessling (at) gmx.net<\/p>\n<p>Schie\u00dfsportanlage des Sch\u00fctzenvereins Waldstra\u00dfe 58<br \/>\nVorsitzender Wilfried Sievers, Tel.: 05953-926840<br \/>\nMail: vorstand (at) schuetzenverein-boerger.de<\/p>\n<p>Heimathaus B\u00f6rger e. V. Up\u00b4n Riegen 1b, B\u00f6rger<br \/>\nVorsitzende und Ansprechpartner ist<br \/>\nJohanna Terhalle, Feldweg 1, 26904 B\u00f6rger Tel.: 05953-8378<br \/>\nMail: vorstand (at) heimatverein-boerger.de<\/p>\n","protected":false},"excerpt":{"rendered":"<p>Organisationen der Gemeinde und Ansprechpartner<\/p>\n<p id=\"caption-attachment-551\" class=\"wp-caption-text\">Schafstall am Wacholderhain<\/p>\n<p>Gemeindeb\u00fcro \/ Fremdenverkehrsb\u00fcro; Alter Schulhof 1, erreichbar unter Tel.:05953-323 Fax: 05953-472 und E-Mail info (at) boerger-huemmling.de Bauhof am M\u00fchlenberg 25 Tel.: 05952-1451<\/p>\n<p>Arztpraxis f\u00fcr Allgemeinmedizin Karl Heinz Ameln, und Frau Dr. med. Willoh-Angenendt mit Team Am Brink 1A (\u00c4rztehaus am St. Josefstift B\u00f6rger) Tel.:05953-92010 und [&#8230;]<\/p>\n","protected":false},"author":2,"featured_media":0,"parent":0,"menu_order":0,"comment_status":"closed","ping_status":"open","template":"","meta":{"ngg_post_thumbnail":0,"footnotes":""},"class_list":["post-4786","page","type-page","status-publish","hentry","odd"],"_links":{"self":[{"href":"https:\/\/heimatverein.he-webpack.de\/index.php?rest_route=\/wp\/v2\/pages\/4786","targetHints":{"allow":["GET"]}}],"collection":[{"href":"https:\/\/heimatverein.he-webpack.de\/index.php?rest_route=\/wp\/v2\/pages"}],"about":[{"href":"https:\/\/heimatverein.he-webpack.de\/index.php?rest_route=\/wp\/v2\/types\/page"}],"author":[{"embeddable":true,"href":"https:\/\/heimatverein.he-webpack.de\/index.php?rest_route=\/wp\/v2\/users\/2"}],"replies":[{"embeddable":true,"href":"https:\/\/heimatverein.he-webpack.de\/index.php?rest_route=%2Fwp%2Fv2%2Fcomments&post=4786"}],"version-history":[{"count":40,"href":"https:\/\/heimatverein.he-webpack.de\/index.php?rest_route=\/wp\/v2\/pages\/4786\/revisions"}],"predecessor-version":[{"id":12514,"href":"https:\/\/heimatverein.he-webpack.de\/index.php?rest_route=\/wp\/v2\/pages\/4786\/revisions\/12514"}],"wp:attachment":[{"href":"https:\/\/heimatverein.he-webpack.de\/index.php?rest_route=%2Fwp%2Fv2%2Fmedia&parent=4786"}],"curies":[{"name":"wp","href":"https:\/\/api.w.org\/{rel}","templated":true}]}}