{"id":471,"date":"2010-01-19T15:56:57","date_gmt":"2010-01-19T14:56:57","guid":{"rendered":"http:\/\/heimatverein.he-webpack.de\/?page_id=471"},"modified":"2016-01-11T20:39:51","modified_gmt":"2016-01-11T19:39:51","slug":"webseiten-heimatvereine","status":"publish","type":"page","link":"https:\/\/heimatverein.he-webpack.de\/?page_id=471","title":{"rendered":"Webseiten Heimatvereine"},"content":{"rendered":"<p>Weitere Informationen \u00fcber die Heimatvereine des H\u00fcmmling erhalten Sie auf den Seiten der umliegenden Heimatvereine und den Seiten des Kreisheimatvereines Aschendorf H\u00fcmmling. Schauen Sie doch auch hier einmal hinein. Seit einigen Monaten arbeiten die Heimatvereine des H\u00fcmmling an einer Pr\u00e4sentation (Flyersammlung). Diese Ver\u00f6ffentlichung soll die Aktivit\u00e4ten der Vereine aber auch die Veranstaltungen auf dem H\u00fcmmling darstellen.<\/p>\n<p>Infos vom <a href=\"http:\/\/www.heimatverein-werpeloh.de\">Heimatverein Werpeloh<\/a><\/p>\n<p>Infos vom <a href=\"http:\/\/www.heimatverein-esterwegen.de\">Heimatverein Esterwegen<\/a><\/p>\n<p>Infos vom <a href=\"http:\/\/www.heimatring-lorup.de\">Heimatring Lorup<\/a><\/p>\n<p>Infos vom <a href=\"http:\/\/www.heimatverein-hilkenbrook.de\">Heimatverein Hilkenbrook<\/a><\/p>\n<p>Infos vom <a href=\"http:\/\/www.heimatverein-werlte.de\">Heimatverein Werlte<\/a><\/p>\n<p>Infos vom <a href=\"http:\/\/www.heimatverein-vrees.de\">Heimatverein Vrees<\/a><\/p>\n<p>Infos vom <a href=\"http:\/\/www.gemeinde-neuboerger.de\/vereine-heimatverein.htm\">Heimatverein Neub\u00f6rger<\/a><\/p>\n<p>Infos vom <a href=\"https:\/\/sites.google.com\/site\/heimatvereinwippingen\/\">Heimatverein Wippingen<\/a><\/p>\n<p>Infos vom <a href=\"http:\/\/www.huevener-muehle.de\">Verein H\u00fcvener M\u00fchle<\/a><\/p>\n<p>Das Landgericht Hamburg hat mit Urteil vom 12.05.1998 entschieden, dass man durch die Anbringung von Links die Inhalte der gelinkten Seite ggf. mit zu verantworten hat. Dies kann &#8211; so das Landgericht &#8211; nur dadurch verhindert werden, dass man sich ausdr\u00fccklich von diesen Inhalten distanziert. Die Seiten des HV B\u00f6rger im Internet bietet Links zu anderen Seiten im Internet an. F\u00fcr alle diese Links gilt: &#8222;Wir erkl\u00e4ren ausdr\u00fccklich, dass die Redakteure dieser Homepage keinerlei Einfluss auf die formale und die inhaltliche Gestaltung der gelinkten Seiten haben. Deshalb distanzieren wir uns hiermit ausdr\u00fccklich von allen Inhalten aller gelinkten Seiten auf dieser gesamten Homepage inklusive aller Unterseiten. Diese Erkl\u00e4rung gilt f\u00fcr alle auf den Homepages use-borger, heimatverein-boerger, dosfeld.de und nordkamp.de angebrachten Links und f\u00fcr alle Inhalte der Seiten, zu denen Links f\u00fchren.&#8220;<\/p>\n","protected":false},"excerpt":{"rendered":"<p>Weitere Informationen \u00fcber die Heimatvereine des H\u00fcmmling erhalten Sie auf den Seiten der umliegenden Heimatvereine und den Seiten des Kreisheimatvereines Aschendorf H\u00fcmmling. Schauen Sie doch auch hier einmal hinein. Seit einigen Monaten arbeiten die Heimatvereine des H\u00fcmmling an einer Pr\u00e4sentation (Flyersammlung). Diese Ver\u00f6ffentlichung soll die Aktivit\u00e4ten der Vereine aber auch die Veranstaltungen auf dem H\u00fcmmling [&#8230;]<\/p>\n","protected":false},"author":2,"featured_media":0,"parent":0,"menu_order":0,"comment_status":"closed","ping_status":"open","template":"","meta":{"ngg_post_thumbnail":0,"footnotes":""},"class_list":["post-471","page","type-page","status-publish","hentry","odd"],"_links":{"self":[{"href":"https:\/\/heimatverein.he-webpack.de\/index.php?rest_route=\/wp\/v2\/pages\/471","targetHints":{"allow":["GET"]}}],"collection":[{"href":"https:\/\/heimatverein.he-webpack.de\/index.php?rest_route=\/wp\/v2\/pages"}],"about":[{"href":"https:\/\/heimatverein.he-webpack.de\/index.php?rest_route=\/wp\/v2\/types\/page"}],"author":[{"embeddable":true,"href":"https:\/\/heimatverein.he-webpack.de\/index.php?rest_route=\/wp\/v2\/users\/2"}],"replies":[{"embeddable":true,"href":"https:\/\/heimatverein.he-webpack.de\/index.php?rest_route=%2Fwp%2Fv2%2Fcomments&post=471"}],"version-history":[{"count":16,"href":"https:\/\/heimatverein.he-webpack.de\/index.php?rest_route=\/wp\/v2\/pages\/471\/revisions"}],"predecessor-version":[{"id":474,"href":"https:\/\/heimatverein.he-webpack.de\/index.php?rest_route=\/wp\/v2\/pages\/471\/revisions\/474"}],"wp:attachment":[{"href":"https:\/\/heimatverein.he-webpack.de\/index.php?rest_route=%2Fwp%2Fv2%2Fmedia&parent=471"}],"curies":[{"name":"wp","href":"https:\/\/api.w.org\/{rel}","templated":true}]}}