{"id":227,"date":"2009-06-29T18:43:53","date_gmt":"2009-06-29T16:43:53","guid":{"rendered":"http:\/\/heimatverein.he-webpack.de\/?page_id=227"},"modified":"2024-09-14T08:50:43","modified_gmt":"2024-09-14T06:50:43","slug":"tourist-information","status":"publish","type":"page","link":"https:\/\/heimatverein.he-webpack.de\/?page_id=227","title":{"rendered":"Tourist-Information"},"content":{"rendered":"<p><img loading=\"lazy\" decoding=\"async\" src=\"http:\/\/heimatverein.he-webpack.de\/wp-content\/uploads\/2009\/06\/Erholunggebiet-H\u00fcmmling.jpg\" alt=\"Erholunggebiet H\u00fcmmling\" title=\"Erholunggebiet H\u00fcmmling\" width=\"228\" height=\"108\" class=\"alignright size-full wp-image-1242\" \/><img loading=\"lazy\" decoding=\"async\" src=\"http:\/\/heimatverein.he-webpack.de\/wp-content\/uploads\/2009\/06\/Wappen-B\u00f6rger-150x150.jpg\" alt=\"Wappen B\u00f6rger\" title=\"Wappen B\u00f6rger\" width=\"150\" height=\"150\" class=\"alignleft size-thumbnail wp-image-869\" \/><\/p>\n<p><strong>Informationen \u00fcber B\u00f6rger,<\/strong><\/p>\n<p>Unterbringungsm\u00f6glichkeiten<br \/>\nund M\u00f6glichkeiten der<br \/>\nFreizeitgestaltung<br \/>\ngibt es im <\/p>\n<p><strong>Gemeindehaus B\u00f6rger,<br \/>\nAlter Schulplatz 1, <\/p>\n<p>26904 B\u00f6rger<br \/>\nTel.: 05953-323<\/strong><\/p>\n<p>.<br \/>\nEinige Infos erh\u00e4lt man:<br \/>\n<a href=\"http:\/\/www.huemmling.org\/erholungsgebiet_huemmling\/samtgemeinde-soegel\/boerger\/\">Erholungsgebiet H\u00fcmmling<\/a><\/p>\n<p>und \u00fcber <a href=\"http:\/\/de.wikipedia.org\/wiki\/B\u00f6rger\">Heimatort B\u00f6rger <\/a><br \/>\n&#8212;&#8212;&#8212;&#8212;&#8212;&#8212;&#8212;&#8212;&#8212;&#8212;&#8212;&#8212;&#8212;&#8212;&#8212;&#8212;&#8212;&#8212;&#8212;&#8212;&#8212;&#8212;&#8212;&#8212;&#8212;&#8212;&#8212;&#8212;&#8212;&#8212;&#8212;&#8212;&#8212;&#8212;&#8212;&#8212;&#8212;&#8212;&#8212;&#8212;&#8212;&#8212;&#8212;&#8212;&#8212;&#8212;&#8212;-<\/p>\n<p><strong>Terminierte Veranstaltungen:<\/strong><\/p>\n<p>Kurz vor der Fastenzeit ist <strong>&#8222;Karneval in B\u00f6rger&#8220;<\/strong> der Kolpingfamilie. Diese \u00f6ffentlichen Veranstaltungen sind beliebt und sehr gut besucht. Ein Feuerwerk der guten Laune mit hintergr\u00fcndigen Reden und Sketchen aus aller Welt und aus B\u00f6rger. <\/p>\n<p>In der Fastenzeit hat die <strong>Theatergruppe B\u00f6rger e. V. ihre Auftritte. <\/strong> Diese eingespielte Truppe begeistert &#8222;Jung und Alt&#8220; mit plattd\u00fctsken St\u00fccken. Ein Erlebnis; auch f\u00fcr Nichtb\u00f6rgeraner!<\/p>\n<p><strong>Osterpokalturnier<\/strong> des \u00f6rtlichen Sportvereins DJK Eintracht B\u00f6rger ist j\u00e4hrlich am Ostersonntag. Es spielen Fu\u00dfballmannschaften aus den umliegenden Vereinen und aus B\u00f6rger um eine Pokal. Abends um 18.00 Uhr wird auf dem Festplatz am Sportpark ein Osterfeuer abgebrannt. Danach ist Tanz im Festzelt.<\/p>\n<p>Am 4. Sonntag im Juli ist in B\u00f6rger <strong>das Fest des Jahres.<\/strong> An diesem Wochenende feiert man Sch\u00fctzenfest. Nach einer Fete f\u00fcr die Jugendlichen am Freitag, treten die Sch\u00fctzen am Sonntag um 13.00 Uhr zu einem Sternmarsch mit Musikkapellen an. Sonntagnachmittags gibt es verschiedene Attraktionen, abends ist Sch\u00fctzenball. Am Montag morgen ist dann &#8222;Scheibe aufh\u00e4ngen&#8220; und Fr\u00fchschoppen. Nachmittags ist der Sch\u00fctzenmarsch mit dem neuen Thron und abends Kr\u00f6nungsball.<\/p>\n<p>Am letzten Wochenende im August findet ein <strong>Teichfest auf dem Heimathof oder ein Kirchweihfest<\/strong> (Pfarrfest) in B\u00f6rger statt. In 2024 fand ein Teichfest statt. 2023 und dann wieder 2025 fand\/findet hinter dem Pfarrhaus ein Pfarrfest statt. Beide Veranstaltungen werden von den B\u00f6rger Vereinen unterst\u00fctzt und getragen.<\/p>\n<p>Am 1. Sonntag im Oktober ist in B\u00f6rger <strong> &#8222;Kirmes und Erntedank&#8220;.<\/strong> Jung und alt treffen sich hier zu einer Erntedankfeier auf dem Festplatz an der Waldstra\u00dfe. Montags ist dann traditionell Fr\u00fchschoppen. Hier trifft sich die Gemeinde zum Plausch und zur Unterhaltung.<\/p>\n<p>An einem Wochenende vor Weihnachten (meistens 2.Advent) ist auf dem Platz vor dem Gemeindehaus ein <strong>Weihnachtsmarkt<\/strong>. Dieser wird vom F\u00f6rderverein der Feuerwehr B\u00f6rger veranstaltet. Dieser Markt erfreut sich zusehends an Beliebtheit.<\/p>\n","protected":false},"excerpt":{"rendered":"<\/p>\n<p>Informationen \u00fcber B\u00f6rger,<\/p>\n<p>Unterbringungsm\u00f6glichkeiten und M\u00f6glichkeiten der Freizeitgestaltung gibt es im <\/p>\n<p>Gemeindehaus B\u00f6rger, Alter Schulplatz 1, <\/p>\n<p>26904 B\u00f6rger Tel.: 05953-323<\/p>\n<p>. Einige Infos erh\u00e4lt man: Erholungsgebiet H\u00fcmmling<\/p>\n<p>und \u00fcber Heimatort B\u00f6rger &#8212;&#8212;&#8212;&#8212;&#8212;&#8212;&#8212;&#8212;&#8212;&#8212;&#8212;&#8212;&#8212;&#8212;&#8212;&#8212;&#8212;&#8212;&#8212;&#8212;&#8212;&#8212;&#8212;&#8212;&#8212;&#8212;&#8212;&#8212;&#8212;&#8212;&#8212;&#8212;&#8212;&#8212;&#8212;&#8212;&#8212;&#8212;&#8212;&#8212;&#8212;&#8212;&#8212;&#8212;&#8212;&#8212;&#8212;-<\/p>\n<p>Terminierte Veranstaltungen:<\/p>\n<p>Kurz vor der Fastenzeit ist &#8222;Karneval in B\u00f6rger&#8220; der Kolpingfamilie. Diese \u00f6ffentlichen Veranstaltungen sind beliebt und sehr gut [&#8230;]<\/p>\n","protected":false},"author":2,"featured_media":0,"parent":0,"menu_order":10,"comment_status":"closed","ping_status":"closed","template":"","meta":{"ngg_post_thumbnail":0,"footnotes":""},"class_list":["post-227","page","type-page","status-publish","hentry","odd"],"_links":{"self":[{"href":"https:\/\/heimatverein.he-webpack.de\/index.php?rest_route=\/wp\/v2\/pages\/227","targetHints":{"allow":["GET"]}}],"collection":[{"href":"https:\/\/heimatverein.he-webpack.de\/index.php?rest_route=\/wp\/v2\/pages"}],"about":[{"href":"https:\/\/heimatverein.he-webpack.de\/index.php?rest_route=\/wp\/v2\/types\/page"}],"author":[{"embeddable":true,"href":"https:\/\/heimatverein.he-webpack.de\/index.php?rest_route=\/wp\/v2\/users\/2"}],"replies":[{"embeddable":true,"href":"https:\/\/heimatverein.he-webpack.de\/index.php?rest_route=%2Fwp%2Fv2%2Fcomments&post=227"}],"version-history":[{"count":36,"href":"https:\/\/heimatverein.he-webpack.de\/index.php?rest_route=\/wp\/v2\/pages\/227\/revisions"}],"predecessor-version":[{"id":12729,"href":"https:\/\/heimatverein.he-webpack.de\/index.php?rest_route=\/wp\/v2\/pages\/227\/revisions\/12729"}],"wp:attachment":[{"href":"https:\/\/heimatverein.he-webpack.de\/index.php?rest_route=%2Fwp%2Fv2%2Fmedia&parent=227"}],"curies":[{"name":"wp","href":"https:\/\/api.w.org\/{rel}","templated":true}]}}