{"id":144,"date":"2009-03-30T09:33:10","date_gmt":"2009-03-30T08:33:10","guid":{"rendered":"http:\/\/heimatverein.he-webpack.de\/?page_id=144"},"modified":"2026-03-30T17:21:14","modified_gmt":"2026-03-30T15:21:14","slug":"der-vorstand","status":"publish","type":"page","link":"https:\/\/heimatverein.he-webpack.de\/?page_id=144","title":{"rendered":"Der Vorstand"},"content":{"rendered":"<p><img loading=\"lazy\" decoding=\"async\" src=\"http:\/\/heimatverein.he-webpack.de\/wp-content\/uploads\/2023\/08\/Johanna-Terhalle-200x150.jpg\" alt=\"\" width=\"200\" height=\"200\" class=\"alignleft size-thumbnail wp-image-11680\" \/><\/p>\n<p><strong>Erste Vorsitzende<\/strong><\/p>\n<p>des Heimatverein B\u00f6rger e. V. ist:<\/p>\n<p><strong>Johanna Terhalle<\/strong> (seit 2023)<br \/>\nVorstandsmitglied seit 2022<br \/>\nFeldweg 1<br \/>\n26904 B\u00f6rger<br \/>\nTel.: 05953-8378<\/p>\n<p>Mail: terhalle.boerger (at) t-online.de<br \/>\n.<br \/>\n.<\/p>\n<p><img loading=\"lazy\" decoding=\"async\" src=\"http:\/\/heimatverein.he-webpack.de\/wp-content\/uploads\/2023\/08\/Heinz-Oldiges-200x150.jpg\" alt=\"\" width=\"200\" height=\"150\" class=\"alignleft size-thumbnail wp-image-11683\" \/><\/p>\n<p><strong>Zweiter Vorsitzender <\/strong><\/p>\n<p>Stellvertretender Vorsitzender ist:<\/p>\n<p><strong>Heinz Oldiges<\/strong> (seit 2023)<br \/>\nVorstandsmitglied seit 2008<br \/>\nNeub\u00f6rger Stra\u00dfe 16, 26904 B\u00f6rger,<br \/>\nTel.: 05953\/698<\/p>\n<p>Mail: heinrich.oldiges (at) web.de<br \/>\n.<br \/>\n.<\/p>\n<p><img loading=\"lazy\" decoding=\"async\" src=\"http:\/\/heimatverein.he-webpack.de\/wp-content\/uploads\/2023\/08\/Steffan-Sievers-200x150.jpg\" alt=\"\" width=\"200\" height=\"150\" class=\"alignleft size-thumbnail wp-image-11689\" \/><br \/>\n<strong>Kassenf\u00fchrer<\/strong><\/p>\n<p>Kassenf\u00fchrer des Heimatverein B\u00f6rger ist:<\/p>\n<p><strong>Stefan Sievers<\/strong> (seit 2023)<br \/>\nVorstandsmitglied seit 2019<br \/>\nFasanenweg 4, 26904 B\u00f6rger,<br \/>\nTel.: 0175\/1144051<\/p>\n<p>Mail: wolf-w461 (at) gmx.de<br \/>\n.<br \/>\n.<br \/>\n<img loading=\"lazy\" decoding=\"async\" src=\"http:\/\/heimatverein.he-webpack.de\/wp-content\/uploads\/2024\/03\/Grote-Tanja2-200x150.jpg\" alt=\"\" width=\"200\" height=\"150\" class=\"alignleft size-thumbnail wp-image-12323\" \/><\/p>\n<p><strong>Schriftf\u00fchrerin<\/strong><\/p>\n<p>Schriftf\u00fchrerin des Heimatverein ist:<\/p>\n<p><strong>Tanja Grote<\/strong> (seit 2024)<br \/>\nPoststra\u00dfe 12<br \/>\n26904 B\u00f6rger,<br \/>\nTel.: 0152-06905473<\/p>\n<p>Mail: tanjagrote78 (at) gmail.com<br \/>\n.<br \/>\n.<\/p>\n<p>&#8212;&#8212;&#8212;&#8212;&#8212;&#8212;&#8212;&#8212;&#8212;&#8212;&#8212;&#8212;&#8212;&#8212;&#8212;&#8212;&#8212;&#8212;&#8212;&#8212;&#8212;&#8212;&#8212;&#8212;&#8212;&#8212;&#8212;&#8212;&#8212;&#8212;&#8212;&#8212;&#8212;&#8212;&#8212;&#8212;&#8212;&#8212;&#8212;&#8212;&#8212;&#8212;&#8212;&#8212;&#8211;<\/p>\n<p><img loading=\"lazy\" decoding=\"async\" src=\"http:\/\/heimatverein.he-webpack.de\/wp-content\/uploads\/2023\/10\/UB-900-e1698241768889-200x150.jpg\" alt=\"\" width=\"200\" height=\"150\" class=\"alignleft size-thumbnail wp-image-11993\" \/><\/p>\n<p><strong>Beisitzer im Vorstand<\/strong><\/p>\n<p>AK Geschichte u. Familienforschung ist: <\/p>\n<p><strong>Hermann Ubbenjans<\/strong> (seit 2024)<br \/>\nVorstandsmitglied seit 1996<br \/>\nBergstra\u00dfe 4<br \/>\n26904 B\u00f6rger,<br \/>\nTel.: 05953\/441<\/p>\n<p>Mail: hermann-ubbenjans (at) web.de<br \/>\n.<\/p>\n<p><a href=\"http:\/\/heimatverein.he-webpack.de\/wp-content\/uploads\/2023\/08\/Herm.-Toebben.jpg\" rel=\"lightbox[144]\"><img loading=\"lazy\" decoding=\"async\" src=\"http:\/\/heimatverein.he-webpack.de\/wp-content\/uploads\/2023\/08\/Herm.-Toebben-200x150.jpg\" alt=\"\" width=\"200\" height=\"150\" class=\"alignleft size-thumbnail wp-image-11691\" \/><\/a><\/p>\n<p><strong>Beisitzer im Vorstand<\/strong> <\/p>\n<p>(2. Schriftf\u00fchrer \/ Digitalisierung, hist. Sammlung)<\/p>\n<p><strong>Hermann T\u00f6bben<\/strong> (seit 2017)<br \/>\nPoststra\u00dfe 12<br \/>\n26904 B\u00f6rger,<br \/>\nTel.: 05953\/925350<\/p>\n<p>Mail: hermeta (at) outlook.de<br \/>\n.<br \/>\n.<\/p>\n<p><img loading=\"lazy\" decoding=\"async\" src=\"http:\/\/heimatverein.he-webpack.de\/wp-content\/uploads\/2023\/08\/Herm-Eilers-200x150.jpg\" alt=\"\" width=\"200\" height=\"150\" class=\"alignleft size-thumbnail wp-image-11693\" \/><\/p>\n<p><strong>Beisitzer im Vorstand<\/strong> <\/p>\n<p>allgemeine und besondere Vorstandsarbeit<\/p>\n<p><strong>Hermann Eilers<\/strong> (seit 2019)<br \/>\nAmselring 9<br \/>\n26904 B\u00f6rger,<br \/>\nTel.: 05953\/673<\/p>\n<p>Mail: eilers-hermann (at) web.de<br \/>\n.<br \/>\n.<\/p>\n<p><img loading=\"lazy\" decoding=\"async\" src=\"http:\/\/heimatverein.he-webpack.de\/wp-content\/uploads\/2023\/08\/Henry-van-der-Kamp-200x150.jpg\" alt=\"\" width=\"200\" height=\"150\" class=\"alignleft size-thumbnail wp-image-11695\" \/><\/p>\n<p><strong>Beisitzer im Vorstand<\/strong><\/p>\n<p>(Bauma\u00dfnahmen, Holzarbeiten, Logistik)<\/p>\n<p><strong>Henry van der Kamp<\/strong> (seit 2022)<br \/>\nM\u00fchlenstra\u00dfe 8<br \/>\n26904 B\u00f6rger<br \/>\nTel.: 0151-61483245<\/p>\n<p>Mail: henry.vanderkamp (at) web.de<br \/>\n.<br \/>\n.<\/p>\n<p><a href=\"http:\/\/heimatverein.he-webpack.de\/wp-content\/uploads\/2025\/03\/Van-der-Kamp-Sonja400.jpg\" rel=\"lightbox[144]\"><img loading=\"lazy\" decoding=\"async\" src=\"http:\/\/heimatverein.he-webpack.de\/wp-content\/uploads\/2025\/03\/Van-der-Kamp-Sonja400-200x150.jpg\" alt=\"\" width=\"200\" height=\"150\" class=\"alignleft size-thumbnail wp-image-13427\" \/><\/a><\/p>\n<p><strong>Beisitzer im Vorstand<\/strong><\/p>\n<p>Zweite Kassenf\u00fchrerin, Allgemeine Verwaltungsaufgaben<\/p>\n<p><strong>Sonja van der Kamp<\/strong> (seit 2025)<br \/>\nM\u00fchlenstra\u00dfe 8<br \/>\n26904 B\u00f6rger<br \/>\nTel. 0151-61483245<\/p>\n<p>Mail:henry.vanderkamp (at) web.de<br \/>\n.<br \/>\n.<br \/>\n.<\/p>\n<p>&#8212;&#8212;&#8212;&#8212;&#8212;&#8212;&#8212;&#8212;&#8212;&#8212;&#8212;&#8212;&#8212;&#8212;&#8212;&#8212;&#8212;&#8212;&#8212;&#8212;&#8212;&#8212;&#8212;&#8212;&#8212;&#8212;&#8212;&#8212;&#8212;&#8212;&#8212;&#8212;&#8212;&#8212;&#8212;&#8212;&#8212;&#8212;&#8212;&#8212;&#8212;-<\/p>\n<p><strong>Ehrenmitglieder des Heimatverein B\u00f6rger sind: <\/strong> <\/p>\n<p>Gerda T\u00f6bben, Hinterm Berg re. 18, 26897 Esterwegen Tel.: 05955-9182, seit 2009<\/p>\n<p>Liborius Geers, Nordkamp 2, 26904 B\u00f6rger, Tel.: 05953\/203, seit 2008<\/p>\n<p>Hans Theo Jansen, Glupen 8, 26904 B\u00f6rger, Tel.: 05953\/244, seit 2014<\/p>\n<p>Reinhard Rolfes, Vahrenstr. 3, 33739 Bielefeld-J\u00f6llenbeck Tel.: 05206\/2446, seit 2018<\/p>\n<p><strong>Verstorbene Ehrenmitglieder des Heimatverein B\u00f6rger e.V. sind:<\/strong><\/p>\n<p>Ehrenvorsitzender Benedikt M\u00fcller (starb 1999)<br \/>\nEhrenvorsitzender Heinrich Wesseln (starb 2023)<\/p>\n<p>Ehrenmitglied Dr. Hubert Hahnenkamp (starb 2010)<br \/>\nEhrenmitglied Walter Goldmann (starb 2022)<br \/>\nEhrenmitglied Hans Geers (starb 2022)<br \/>\nEhrenmitglied Hermann Schmitz (starb 2023)<br \/>\nEhrenmitglied Josef Schmees (starb 2026)<\/p>\n<p>.<br \/>\n.<\/p>\n<p><strong>Vorstand des Heimatverein nach den Wahlen im M\u00e4rz 2025<\/strong><\/p>\n<p><a href=\"http:\/\/heimatverein.he-webpack.de\/wp-content\/uploads\/2025\/03\/Vorstand-HV900-1.jpg\" rel=\"lightbox[144]\"><img loading=\"lazy\" decoding=\"async\" src=\"http:\/\/heimatverein.he-webpack.de\/wp-content\/uploads\/2025\/03\/Vorstand-HV900-1-200x150.jpg\" alt=\"\" width=\"300\" height=\"240\" class=\"alignleft size-thumbnail wp-image-13470\" \/><\/a><\/p>\n<p>Personen von links: Hermann Ubbenjans AK Geschichte,<br \/>\nLuise Ubbenjans, Hermann Eilers Beisitzer, Tanja Grote<br \/>\nSchriftf\u00fchrerin, Hermann T\u00f6bben Beisitzer, Stefan Sievers<br \/>\nKassenf\u00fchrer, Sonja van der Kamp Zweite Kassenf\u00fchrerin,<br \/>\nHenry van der Kamp Beisitzer, Johanna Terhalle Erste<br \/>\nVorsitzende, Heinz Oldiges Zweiter Vorsitzender.<br \/>\nEs fehlte  Monika Langen AK Leiterin Plattproater-Cafe.<\/p>\n","protected":false},"excerpt":{"rendered":"<\/p>\n<p>Erste Vorsitzende<\/p>\n<p>des Heimatverein B\u00f6rger e. V. ist:<\/p>\n<p>Johanna Terhalle (seit 2023) Vorstandsmitglied seit 2022 Feldweg 1 26904 B\u00f6rger Tel.: 05953-8378<\/p>\n<p>Mail: terhalle.boerger (at) t-online.de . .<\/p>\n<\/p>\n<p>Zweiter Vorsitzender <\/p>\n<p>Stellvertretender Vorsitzender ist:<\/p>\n<p>Heinz Oldiges (seit 2023) Vorstandsmitglied seit 2008 Neub\u00f6rger Stra\u00dfe 16, 26904 B\u00f6rger, Tel.: 05953\/698<\/p>\n<p>Mail: heinrich.oldiges (at) web.de . .<\/p>\n<p> [&#8230;]<\/p>\n","protected":false},"author":2,"featured_media":0,"parent":140,"menu_order":5,"comment_status":"open","ping_status":"open","template":"","meta":{"ngg_post_thumbnail":0,"footnotes":""},"class_list":["post-144","page","type-page","status-publish","hentry","odd"],"_links":{"self":[{"href":"https:\/\/heimatverein.he-webpack.de\/index.php?rest_route=\/wp\/v2\/pages\/144","targetHints":{"allow":["GET"]}}],"collection":[{"href":"https:\/\/heimatverein.he-webpack.de\/index.php?rest_route=\/wp\/v2\/pages"}],"about":[{"href":"https:\/\/heimatverein.he-webpack.de\/index.php?rest_route=\/wp\/v2\/types\/page"}],"author":[{"embeddable":true,"href":"https:\/\/heimatverein.he-webpack.de\/index.php?rest_route=\/wp\/v2\/users\/2"}],"replies":[{"embeddable":true,"href":"https:\/\/heimatverein.he-webpack.de\/index.php?rest_route=%2Fwp%2Fv2%2Fcomments&post=144"}],"version-history":[{"count":468,"href":"https:\/\/heimatverein.he-webpack.de\/index.php?rest_route=\/wp\/v2\/pages\/144\/revisions"}],"predecessor-version":[{"id":14278,"href":"https:\/\/heimatverein.he-webpack.de\/index.php?rest_route=\/wp\/v2\/pages\/144\/revisions\/14278"}],"up":[{"embeddable":true,"href":"https:\/\/heimatverein.he-webpack.de\/index.php?rest_route=\/wp\/v2\/pages\/140"}],"wp:attachment":[{"href":"https:\/\/heimatverein.he-webpack.de\/index.php?rest_route=%2Fwp%2Fv2%2Fmedia&parent=144"}],"curies":[{"name":"wp","href":"https:\/\/api.w.org\/{rel}","templated":true}]}}