{"id":783,"date":"2010-01-31T13:11:32","date_gmt":"2010-01-31T12:11:32","guid":{"rendered":"http:\/\/heimatverein.he-webpack.de\/?page_id=783"},"modified":"2026-01-24T23:18:04","modified_gmt":"2026-01-24T22:18:04","slug":"fahrradwandern","status":"publish","type":"page","link":"http:\/\/heimatverein.he-webpack.de\/?page_id=783","title":{"rendered":"Fahrradtouren des HV"},"content":{"rendered":"<blockquote><p><strong>Wandern &#8211; heisst aktiv leben<\/strong><br \/>\nund eine positive Lebenseinstellung haben; dem Leben mehr Qualit\u00e4ten geben.<\/p>\n<p><strong>Wandern &#8211; heisst unterwegs sein<\/strong><br \/>\nunterwegs sein um mehr zu erfahren; um Gesundheit, Pers\u00f6nlichkeit und Vertrautheit mit der Heimat zu st\u00e4rken.<\/p>\n<p><strong>Wandern &#8211; ist die Befreiung von Zw\u00e4ngen und Zwecken<\/strong><br \/>\nDer Aufbruch in die Landschaft ist die wichtigste Bet\u00e4tigung; nicht um dem Tagesziel entgegenzuhasten, sondern um zu genie\u00dfen was der Weg bietet.<\/p>\n<p><strong>Wandern &#8211; ist ein Hauch von Freiheit und vor\u00fcbergehende Ziellosigkeit<\/strong><br \/>\neinfach die Last des Lebens ablegen und freier werden f\u00fcr neue Aufgaben im Alltag.\n<\/p><\/blockquote>\n<p><strong>N\u00f6rdliche Route<\/strong><\/p>\n<p>Die n\u00f6rdliche Fahrradroute f\u00fchrt durch die Kulturlandschaft des B\u00f6rger Westens \u00fcber Neub\u00f6rger, B\u00f6rgerwald und Breddenberg zur\u00fcck nach B\u00f6rger. Alternativ ist eine k\u00fcrzere Route machbar. Die Wanderroute zu Fu\u00df (durchgezogene Linie) ist ebenfalls interessant.<\/p>\n<p><img loading=\"lazy\" decoding=\"async\" src=\"http:\/\/heimatverein.he-webpack.de\/wp-content\/uploads\/2026\/01\/Wander-Radwege-Noerdlich900.jpg\" alt=\"\" width=\"950\" height=\"460\" class=\"alignleft size-full wp-image-14164\" \/><\/p>\n<p>&#8230;&#8230;&#8230;&#8230;&#8230;&#8230;&#8230;&#8230;&#8230;&#8230;&#8230;&#8230;&#8230;&#8230;&#8230;&#8230;&#8230;&#8230;&#8230;&#8230;&#8230;&#8230;&#8230;&#8230;&#8230;&#8230;&#8230;&#8230;&#8230;&#8230;..<\/p>\n<p><strong>S\u00fcdliche Route<\/strong><\/p>\n<p>Sie f\u00fchrt \u00fcber den B\u00f6rger Kl\u00f6wer zu den Steindenkmalen in der Werpeloher Mark. Verl\u00e4uft dann \u00fcber den Windberg und den Hedwigenwald in die Spahner Mark. Zwei Wegerouten f\u00fchren dann wieder nach B\u00f6rger.<\/p>\n<p><img loading=\"lazy\" decoding=\"async\" src=\"http:\/\/heimatverein.he-webpack.de\/wp-content\/uploads\/2026\/01\/Wander-Radwege-Steindenkmale-scaled.jpg\" alt=\"\" width=\"800\" height=\"440\" class=\"alignleft size-full wp-image-14125\" \/><\/p>\n","protected":false},"excerpt":{"rendered":"<p>Wandern &#8211; heisst aktiv leben und eine positive Lebenseinstellung haben; dem Leben mehr Qualit\u00e4ten geben.<\/p>\n<p>Wandern &#8211; heisst unterwegs sein unterwegs sein um mehr zu erfahren; um Gesundheit, Pers\u00f6nlichkeit und Vertrautheit mit der Heimat zu st\u00e4rken.<\/p>\n<p>Wandern &#8211; ist die Befreiung von Zw\u00e4ngen und Zwecken Der Aufbruch in die Landschaft ist die wichtigste Bet\u00e4tigung; nicht [&#8230;]<\/p>\n","protected":false},"author":2,"featured_media":0,"parent":0,"menu_order":0,"comment_status":"closed","ping_status":"open","template":"","meta":{"ngg_post_thumbnail":0,"footnotes":""},"class_list":["post-783","page","type-page","status-publish","hentry","odd"],"_links":{"self":[{"href":"http:\/\/heimatverein.he-webpack.de\/index.php?rest_route=\/wp\/v2\/pages\/783","targetHints":{"allow":["GET"]}}],"collection":[{"href":"http:\/\/heimatverein.he-webpack.de\/index.php?rest_route=\/wp\/v2\/pages"}],"about":[{"href":"http:\/\/heimatverein.he-webpack.de\/index.php?rest_route=\/wp\/v2\/types\/page"}],"author":[{"embeddable":true,"href":"http:\/\/heimatverein.he-webpack.de\/index.php?rest_route=\/wp\/v2\/users\/2"}],"replies":[{"embeddable":true,"href":"http:\/\/heimatverein.he-webpack.de\/index.php?rest_route=%2Fwp%2Fv2%2Fcomments&post=783"}],"version-history":[{"count":58,"href":"http:\/\/heimatverein.he-webpack.de\/index.php?rest_route=\/wp\/v2\/pages\/783\/revisions"}],"predecessor-version":[{"id":14172,"href":"http:\/\/heimatverein.he-webpack.de\/index.php?rest_route=\/wp\/v2\/pages\/783\/revisions\/14172"}],"wp:attachment":[{"href":"http:\/\/heimatverein.he-webpack.de\/index.php?rest_route=%2Fwp%2Fv2%2Fmedia&parent=783"}],"curies":[{"name":"wp","href":"https:\/\/api.w.org\/{rel}","templated":true}]}}