{"id":6427,"date":"2016-12-01T21:52:11","date_gmt":"2016-12-01T20:52:11","guid":{"rendered":"http:\/\/heimatverein.he-webpack.de\/?page_id=6427"},"modified":"2017-01-23T18:58:29","modified_gmt":"2017-01-23T17:58:29","slug":"hochtiedsnoerger-1955-huemmling","status":"publish","type":"page","link":"http:\/\/heimatverein.he-webpack.de\/?page_id=6427","title":{"rendered":"Hochtiedsn\u00f6rger 1900er &#8211; H\u00fcmmling"},"content":{"rendered":"<p>\nLuee nu schwiegt is aeven stille, uemm dat ik jau n\u00f6rgen will,<br \/>\nnu Jan Hinnek mit Mareike bolde trauen willt. Koammt doar<br \/>\naale dann man her, koammt doar alle dann man her, so goaut<br \/>\nkriege wiet se\u00b4 l\u00e4ve ja nicht w\u00e4r.<\/p>\n<p>Stappet up bi\u00b4t Hoahnenkreien, h\u00f6rt dat \u201ejoa\u201c in Boarger Dom<br \/>\nwoar dat Brutpoar un de Heerrum mit us toausoamme koammt.<br \/>\nKoammt doar aale dann man her, koammt doar alle dann man<br \/>\nher, so goaut kriege wiet se \u00b4l\u00e4ve ja nicht w\u00e4r.<\/p>\n<p>Hochtied is, dat moet ih w\u00e4ten, toauken W\u00e4ke D\u00f6nnerdach,<br \/>\nun ih k\u00f6nnt doar man mit r\u00e4ken, dat se duurt bis Saterdach.<br \/>\nKoammt doar aale dann man her, koammt doar alle dann man<br \/>\nher, so goaut kriege wiet se \u00b4l\u00e4ve ja nicht w\u00e4r.<\/p>\n<p>Luks un Luks de g\u00e4ff\u00b4t aer bestet, mit Trecksack un Klarinetten,<br \/>\noak n\u00e9 Pauke dr\u00f6ff nich f\u00e4hlen, dej Danzers bruckt nich letten.<br \/>\nKoammt doar aale dann man her, koammt doar alle dann man her,<br \/>\nso goaut kriege wiet se\u00b4 l\u00e4ve ja nicht w\u00e4r.<\/p>\n<p>Dann schmiet wi dej Pulterb\u00fckse, dej daages R\u00fcmpkes an de Sitt<br \/>\nun will ih noch haen Schnieder, dann wat dat nu h\u00f6chste Tied.<br \/>\nKoammt doar aale dann man her, koammt doar alle dann man her,<br \/>\nso goaut kriege wiet se\u00b4 l\u00e4ve ja nicht w\u00e4r.<\/p>\n<p>Un ih Wichter man gau bi, laat jau Woaterwellen leggen. Joah dat<br \/>\nsch\u00f6ll wall rein watt kosten, man watt sch\u00f6ll man doar van seggen.<br \/>\nKoammt doar aale dann man her, koammt doar alle dann man her,<br \/>\nso goaut kriege wiet se\u00b4 l\u00e4ve ja nicht w\u00e4r.<\/p>\n<p>Pr\u00f6kelt mit dej Gaffeltangen in den Wiem\u00b4en watt her\u00fcmme,<br \/>\nt\u00fcrt doar na den dicksten Schinken, L\u00fce ih w\u00e4ttet ja woar\u00fcmme.<br \/>\nKoammt doar aale dann man her, koammt doar alle dann man her,<br \/>\nso goaut kriege wiet se\u00b4 l\u00e4ve ja nicht w\u00e4r.<\/p>\n<p>Pannekouken we\u00b4we nich \u00e4ten, St\u00fcpp in\u00b4ne Panne nix van w\u00e4ten,<br \/>\nunner Schnurrebroarn und Schinken, s\u00f6llt dej Aikendiske br\u00e4ken.<br \/>\nKoammt doar aale dann man her, koammt doar alle dann man her,<br \/>\nso goaut kriege wiet se\u00b4 l\u00e4ve ja nicht w\u00e4r.<\/p>\n<p>Bakker Rainer, k\u00f6nn ih gl\u00f6ven, ik gah in up jede Wedde,<br \/>\nkump dej W\u00e4ke v\u00f6r de Hochtied, goar nich mehr hen B\u00e4dde.<br \/>\nKoammt doar aale dann man her, koammt doar alle dann man her,<br \/>\nso goaut kriege wiet se\u00b4 l\u00e4ve ja nicht w\u00e4r.<\/p>\n<p>Will wi is bi T\u00f6mpels luuren, &#8211; oach, dat wat ja rein taou dull<br \/>\nPrumen, T\u00fcfkes und Maronen, Kringels ganze Plaaten vull.<br \/>\nKoammt doar aale dann man her, koammt doar alle dann man her,<br \/>\nso goaut kriege wiet se\u00b4 l\u00e4ve ja nicht w\u00e4r.<\/p>\n<p>Kronabel Kaspar sit toau st\u00f6hnen, man dat helpet \u00fcmm kien<br \/>\nbitken, hej mut up dej Riege stoaten, noch dej Battercreme<br \/>\npruetken. Koammt doar aale dann man her, koammt doar alle<br \/>\ndann man her, so goaut kriege wiet se\u00b4 l\u00e4ve ja nicht w\u00e4r.<\/p>\n<p>Fiefuntwientich fette Hennen b\u00fcnnt in Stook\u00e4tel taou schw\u00f6mmen.<br \/>\ndenk ik an dej H\u00f6unersoppe, lapp mi\u00b4t Woater uem dej Tannen.<br \/>\nKoammt doar aale dann man her, koammt doar alle dann man her,<br \/>\nso goaut kriege wiet se\u00b4 l\u00e4ve ja nicht w\u00e4r.<\/p>\n<p>Use moijen jungen H\u00f6uner, joah watt s\u00f6ll man van ehr seggen,<br \/>\nkoemmt v\u00f6r Drokte nich hen Wieben, sittet Dach un Nacht toau<br \/>\nleggen. Koammt doar aale dann man her, koammt doar alle<br \/>\ndann man her, so goaut kriege wiet se\u00b4 l\u00e4ve ja nicht w\u00e4r.<\/p>\n<p>Aeinen denn ich aale m\u00f6get, denn ik jau van Haarten g\u00fcnne,<br \/>\nk\u00f6nn ih drinken up de Hochtied, un dej kump ut Hasel\u00fcnne.<br \/>\nKoammt doar aale dann man her, koammt doar alle dann man her,<br \/>\nso goaut kriege wiet se\u00b4 l\u00e4ve ja nicht w\u00e4r.<\/p>\n<p>Toau\u00b4de Hochtied daou wi fiern, un wi tappet s\u00fclvst\u00b4et Baeier.<br \/>\nWoarmit s\u00f6ll wi dat betohlen, mit dej Knippe van denn Fraier.<br \/>\nKoammt doar aale dann man her, koammt doar alle dann man her,<br \/>\nso goaut kriege wiet se\u00b4 l\u00e4ve ja nicht w\u00e4r.<\/p>\n<p>Dat hej pleite gaeit &#8211; off ike, nu dat will wi nich hoapen, anners<br \/>\nmut hej na de Hochtied, wall aein Queckenst\u00fcck verkoopen.<br \/>\nKoammt doar aale dann man her, koammt doar alle dann man her,<br \/>\nso goaut kriege wiet se\u00b4 l\u00e4ve ja nicht w\u00e4r.<\/p>\n<p>Un hej haff oak ja noch liggen, twai &#8211; drai, Tuchten moije Biggen,<br \/>\nun wenn dej Handelsl\u00fce uem liek willt, dann bliv hej noch wall<br \/>\nbeliggen. Koammt doar aale dann man her, koammt doar alle<br \/>\ndann man her, so goaut kriege wiet se\u00b4 l\u00e4ve ja nicht w\u00e4r.<\/p>\n<p>Deter Bernd dej lat an T\u00f6gel, noch dej g\u00fcste Koauh offholen,<br \/>\nwill uemm f\u00f6r den olden St\u00f6gel, 100 Dahler boar betoahlen.<br \/>\nKoammt doar aale dann man her, koammt doar alle dann man her,<br \/>\nso goaut kriege wiet se\u00b4 l\u00e4ve ja nicht w\u00e4r.<\/p>\n<p>Dat Schosstenklaid dat blinstert, net as Speegel achtert F\u00fcer,<br \/>\nuem dat Burnhus toau erhollen, doarv\u00f6r was \u00fcmm nix toau v\u00e4hle.<br \/>\nKoammt doar aale dann man her, koammt doar alle dann man her,<br \/>\nso goaut kriege wiet se\u00b4 l\u00e4ve ja nicht w\u00e4r.<\/p>\n<p>Allet instand toau setten, doarf\u00f6r was \u00fcm nix toau d\u00fc\u00fcr.<br \/>\nun saei habb doar kr\u00e4gen, oak ne splinter-neije D\u00e4hle.<br \/>\nKoammt doar aale dann man her, koammt doar alle dann man her,<br \/>\nso goaut kriege wiet se\u00b4 l\u00e4ve ja nicht w\u00e4r.<\/p>\n<p>Un dej splinter-neije D\u00e4hle m\u00f6ssten saei oak n\u00f6tig brucken,<br \/>\nanners kun\u00b4se s\u00fcck bi\u00b4n Brutdanz beide F\u00f6ite wall verstucken.<br \/>\nKoammt doar aale dann man her, koammt doar alle dann man her,<br \/>\nso goaut kriege wiet se\u00b4 l\u00e4ve ja nicht w\u00e4r.<\/p>\n<p>Un de Brut ehr moije Brutklaid, L\u00fce ich willt jau noch verfeeren,<br \/>\nwoar saei kump mit aehre Schleppe, bruck ih nich mehr Straate kehren.<br \/>\nKoammt doar aale dann man her, koammt doar alle dann<br \/>\nman her, so goaut kriege wiet se\u00b4 l\u00e4ve ja nicht w\u00e4r.<\/p>\n<p>Watt dej Br\u00fcttigam van de Brutt is, joah dej kann wall driester<br \/>\nlachen, proppen vull drai Kistenwagen, Glaskasten vull mit<br \/>\nKr\u00f6chen. Koammt doar aale dann man her, koammt doar alle<br \/>\ndann man her, so goaut kriege wiet se\u00b4 l\u00e4ve ja nicht w\u00e4r.<\/p>\n<p>Man ik g\u00fcnn \u00fcmm dat ja gern, ik b\u00fcnn s\u00fcnner dat toau fr\u00e4e,<br \/>\nun van trauen magg\u00b4 nich h\u00f6ren, ik bliev Unkel up dej St\u00e4e.<br \/>\nKoammt doar aale dann man her, koammt doar alle dann man her,<br \/>\nso goaut kriege wiet se\u00b4 l\u00e4ve ja nicht w\u00e4r.<\/p>\n<p>Loater sit ik dann toau sp\u00fcttern, in mien Kroakstoaul butt bit F\u00fcer,<br \/>\nHochtiedsn\u00f6rgen s\u00fcnner St\u00fcttern, mit min B\u00f6skup was ik hier.<br \/>\nKoammt doar aale dann man her, koammt doar alle dann man her,<br \/>\nso goaut kriege wiet se\u00b4 l\u00e4ve ja nicht w\u00e4r.<\/p>\n<p>L\u00fce ih moet jau munter hollen, blievet kr\u00e4gel un gesund,<br \/>\nik mut mit Rad nu rullen, overn ganzen H\u00fcmmling noch berund.<br \/>\nKoammt doar aale dann man her, koammt doar alle dann man her,<br \/>\nso goaut kriege wiet se\u00b4 l\u00e4ve ja nicht w\u00e4r.<\/p>\n<p>Vorgetragen auf dem Kreisheimattag 1955 in Lorup (im Orginal),<br \/>\nund wohl so \u00e4hnlich abge\u00e4ndert in B\u00f6rger und weiteren Orten.<\/p>\n","protected":false},"excerpt":{"rendered":"<p> Luee nu schwiegt is aeven stille, uemm dat ik jau n\u00f6rgen will, nu Jan Hinnek mit Mareike bolde trauen willt. Koammt doar aale dann man her, koammt doar alle dann man her, so goaut kriege wiet se\u00b4 l\u00e4ve ja nicht w\u00e4r.<\/p>\n<p>Stappet up bi\u00b4t Hoahnenkreien, h\u00f6rt dat \u201ejoa\u201c in Boarger Dom woar dat Brutpoar [&#8230;]<\/p>\n","protected":false},"author":2,"featured_media":0,"parent":0,"menu_order":0,"comment_status":"closed","ping_status":"closed","template":"","meta":{"ngg_post_thumbnail":0,"footnotes":""},"class_list":["post-6427","page","type-page","status-publish","hentry","odd"],"_links":{"self":[{"href":"http:\/\/heimatverein.he-webpack.de\/index.php?rest_route=\/wp\/v2\/pages\/6427","targetHints":{"allow":["GET"]}}],"collection":[{"href":"http:\/\/heimatverein.he-webpack.de\/index.php?rest_route=\/wp\/v2\/pages"}],"about":[{"href":"http:\/\/heimatverein.he-webpack.de\/index.php?rest_route=\/wp\/v2\/types\/page"}],"author":[{"embeddable":true,"href":"http:\/\/heimatverein.he-webpack.de\/index.php?rest_route=\/wp\/v2\/users\/2"}],"replies":[{"embeddable":true,"href":"http:\/\/heimatverein.he-webpack.de\/index.php?rest_route=%2Fwp%2Fv2%2Fcomments&post=6427"}],"version-history":[{"count":11,"href":"http:\/\/heimatverein.he-webpack.de\/index.php?rest_route=\/wp\/v2\/pages\/6427\/revisions"}],"predecessor-version":[{"id":6637,"href":"http:\/\/heimatverein.he-webpack.de\/index.php?rest_route=\/wp\/v2\/pages\/6427\/revisions\/6637"}],"wp:attachment":[{"href":"http:\/\/heimatverein.he-webpack.de\/index.php?rest_route=%2Fwp%2Fv2%2Fmedia&parent=6427"}],"curies":[{"name":"wp","href":"https:\/\/api.w.org\/{rel}","templated":true}]}}