{"id":4351,"date":"2014-12-15T19:04:04","date_gmt":"2014-12-15T18:04:04","guid":{"rendered":"http:\/\/heimatverein.he-webpack.de\/?page_id=4351"},"modified":"2015-01-07T23:09:24","modified_gmt":"2015-01-07T22:09:24","slug":"weihnachten-bei-den-tieren","status":"publish","type":"page","link":"http:\/\/heimatverein.he-webpack.de\/?page_id=4351","title":{"rendered":"Zum Jahreswechsel"},"content":{"rendered":"<div id=\"attachment_2315\" style=\"width: 310px\" class=\"wp-caption alignright\"><a href=\"http:\/\/heimatverein.he-webpack.de\/wp-content\/uploads\/2009\/03\/Schafstall-im-Winter.jpg\" rel=\"lightbox[4351]\"><img loading=\"lazy\" decoding=\"async\" aria-describedby=\"caption-attachment-2315\" src=\"http:\/\/heimatverein.he-webpack.de\/wp-content\/uploads\/2009\/03\/Schafstall-im-Winter-300x169.jpg\" alt=\"Schafstall am Wacholderhain (Foto: Manfred Grote)\" title=\"Schafstall im Winter\" width=\"300\" height=\"169\" class=\"size-medium wp-image-2315\" srcset=\"http:\/\/heimatverein.he-webpack.de\/wp-content\/uploads\/2009\/03\/Schafstall-im-Winter-300x169.jpg 300w, http:\/\/heimatverein.he-webpack.de\/wp-content\/uploads\/2009\/03\/Schafstall-im-Winter.jpg 900w\" sizes=\"auto, (max-width: 300px) 100vw, 300px\" \/><\/a><p id=\"caption-attachment-2315\" class=\"wp-caption-text\">Schafstall am Wacholderhain (Foto: Manfred Grote)<\/p><\/div>\n<p><strong>Wir w\u00fcnsche Euch<\/strong> ein Auge, die Wunder zu sehen,<br \/>\nein h\u00f6rendes Ohr, um das Wort zu verstehen.<br \/>\nIch w\u00fcnsch dir den Mut, deine Meinung zu sagen,<br \/>\nden Vorsatz zu leiden, ohne zu klagen.<\/p>\n<p>Ich w\u00fcnsch dir den Blick f\u00fcr ein trauriges Herz.<br \/>\nDen Wunsch, zu lindern des Anderen Schmerz,<br \/>\nich w\u00fcnsch dir das Licht, das den Leben erhellt.<br \/>\nden Freund, der dir folgt bis ans Ende der Welt.<\/p>\n<p>Ich w\u00fcnsch dir Gedanken, die positiv stimmen,<br \/>\ndie Ausdauer, gegen den Strom zu schwimmen.<br \/>\nIch w\u00fcnsch dir den Stolz, deinen Kopf zu erheben,<br \/>\nden Willen, auch anderen Chancen zu geben.<\/p>\n<p>Ich w\u00fcnsch dir die Einsicht, nicht Streit zu entfachen,<br \/>\ndie Weisheit, auch \u00fcber dich selber zu lachen.<br \/>\nIch w\u00fcnsch dir Geduld, den Schmerz zu begreifen,<br \/>\nFestigkeit, nicht an dir selber zu zweifeln.<\/p>\n<p>Ich w\u00fcnsch dir die Gr\u00f6\u00dfe, dem Feind zu vergeben,<br \/>\nDie Kraft, gegen Unrecht die Stimme zu erheben.<br \/>\nIch w\u00fcnsch dir ein Herz, das f\u00fcr dich alleine schl\u00e4gt.<br \/>\nDen Helfer, der gerne die Last f\u00fcr dich tr\u00e4gt.<\/p>\n<p>Ich w\u00fcnsch dir den Mut zu deinem Worte zu stehn,<br \/>\ndie St\u00e4rke, auch Streit aus dem Wege zu gehen.<br \/>\nIch w\u00fcnsch dir die Freude des g\u00fctigen Gebens,<br \/>\ndie Frage stets nach dem Sinn des Lebens.<\/p>\n<p>Ich w\u00fcnsch dir Erfolg f\u00fcr deine Pl\u00e4ne allzeit,<br \/>\ndie Kunst, dich zu freuen f\u00fcr den Rest deiner Zeit.<br \/>\nIch w\u00fcnsch dir den Engel, der \u00fcber dich wacht,<br \/>\ndie Hand, die dich f\u00fchrt durch das Dunkel der Nacht. &#8211;<\/p>\n","protected":false},"excerpt":{"rendered":"<p id=\"caption-attachment-2315\" class=\"wp-caption-text\">Schafstall am Wacholderhain (Foto: Manfred Grote)<\/p>\n<p>Wir w\u00fcnsche Euch ein Auge, die Wunder zu sehen, ein h\u00f6rendes Ohr, um das Wort zu verstehen. Ich w\u00fcnsch dir den Mut, deine Meinung zu sagen, den Vorsatz zu leiden, ohne zu klagen.<\/p>\n<p>Ich w\u00fcnsch dir den Blick f\u00fcr ein trauriges Herz. Den Wunsch, zu lindern des [&#8230;]<\/p>\n","protected":false},"author":2,"featured_media":0,"parent":0,"menu_order":0,"comment_status":"closed","ping_status":"open","template":"","meta":{"ngg_post_thumbnail":0,"footnotes":""},"class_list":["post-4351","page","type-page","status-publish","hentry","odd"],"_links":{"self":[{"href":"http:\/\/heimatverein.he-webpack.de\/index.php?rest_route=\/wp\/v2\/pages\/4351","targetHints":{"allow":["GET"]}}],"collection":[{"href":"http:\/\/heimatverein.he-webpack.de\/index.php?rest_route=\/wp\/v2\/pages"}],"about":[{"href":"http:\/\/heimatverein.he-webpack.de\/index.php?rest_route=\/wp\/v2\/types\/page"}],"author":[{"embeddable":true,"href":"http:\/\/heimatverein.he-webpack.de\/index.php?rest_route=\/wp\/v2\/users\/2"}],"replies":[{"embeddable":true,"href":"http:\/\/heimatverein.he-webpack.de\/index.php?rest_route=%2Fwp%2Fv2%2Fcomments&post=4351"}],"version-history":[{"count":10,"href":"http:\/\/heimatverein.he-webpack.de\/index.php?rest_route=\/wp\/v2\/pages\/4351\/revisions"}],"predecessor-version":[{"id":4353,"href":"http:\/\/heimatverein.he-webpack.de\/index.php?rest_route=\/wp\/v2\/pages\/4351\/revisions\/4353"}],"wp:attachment":[{"href":"http:\/\/heimatverein.he-webpack.de\/index.php?rest_route=%2Fwp%2Fv2%2Fmedia&parent=4351"}],"curies":[{"name":"wp","href":"https:\/\/api.w.org\/{rel}","templated":true}]}}