{"id":232,"date":"2009-06-29T18:53:21","date_gmt":"2009-06-29T16:53:21","guid":{"rendered":"http:\/\/heimatverein.he-webpack.de\/?page_id=232"},"modified":"2025-07-13T09:18:02","modified_gmt":"2025-07-13T07:18:02","slug":"zimmer-verzeichnis","status":"publish","type":"page","link":"http:\/\/heimatverein.he-webpack.de\/?page_id=232","title":{"rendered":"Zimmer Verzeichnis"},"content":{"rendered":"<p><strong>Fremdenverkehrsverein B\u00f6rger e.V.<\/strong>,<br \/>\nKurzrastplatz f\u00fcr Wohnmobile und Gruppen &#8211;<br \/>\nAnfragen \u00fcber die Gemeindeverwaltung Tel.: 05953-323<br \/>\nzu den Dienstzeiten der Verwaltung<\/p>\n<p><strong>Jugendzeltplatz B\u00f6rger<\/strong>,(Anfragen \u00fcber Gemeinde)<br \/>\nZeltm\u00f6glichkeiten f\u00fcr Jugendgruppen, Vereine u. geschossene Verb\u00e4nde,<br \/>\nTel.: 05953-323 (zu den Dienstzeiten der Verwaltung)<\/p>\n<p><strong>G\u00e4stehaus und Campingplatz Sch\u00fctten-Book<\/strong>,<br \/>\nBreddenbergerstra\u00dfe 11, 26904 B\u00f6rger, Tel.: 05953\/239<br \/>\nZimmervermietung, Zelt- und Wohnwagenstellpl\u00e4tze.<br \/>\nPreise und Belegung auf Anfrage<\/p>\n<p><strong>G\u00e4stehaus Familie Koch<\/strong>, Eichengrund 1, 26904 B\u00f6rger<br \/>\nTel.: 05953-4079839, Ferien- und Monteurwohnung,<br \/>\nemail: petti.roediger (at) yahoo.de, Preis auf Anfrage<\/p>\n<p><strong>G\u00e4stehaus Marlene Engbers<\/strong>, Schulstra\u00dfe 6, 26904 B\u00f6rger<br \/>\nFerienwohnung Tel.: 05953-401, Preis auf Anfrage<\/p>\n<p><strong>G\u00e4stehaus Johanna Terhalle<\/strong>, Feldweg 1, 26904 B\u00f6rger<br \/>\nFerienwohnung Tel.: 05953-8378, Preis auf Anfrage<\/p>\n<p><strong>G\u00e4stehaus Schuten &#8211; Haus Heike<\/strong> Schulstra\u00dfe 18, 26904 B\u00f6rger<br \/>\nFerien- und Monteurwohnung Tel.: 0173-5293619, Preis auf Anfrage<br \/>\nwilhelmschuten (at) gmail.com<\/p>\n<p><strong>G\u00e4stehaus &#8211; Helena <\/strong> Lenny de Rijk, Bauerntannen 9, 26904 B\u00f6rger<br \/>\nf\u00fcr Wanderer Pilger und Radfahrer Tel.: 05953-3730291, Preis auf Anfrage<\/p>\n<p><strong>G\u00e4stehaus &#8211; Bernhard Geers<\/strong> Wahner Weg 2, 26904 B\u00f6rger<br \/>\nFerienwohnung Tel.: 05953-571, Preis auf Anfrage<\/p>\n","protected":false},"excerpt":{"rendered":"<p>Fremdenverkehrsverein B\u00f6rger e.V., Kurzrastplatz f\u00fcr Wohnmobile und Gruppen &#8211; Anfragen \u00fcber die Gemeindeverwaltung Tel.: 05953-323 zu den Dienstzeiten der Verwaltung<\/p>\n<p>Jugendzeltplatz B\u00f6rger,(Anfragen \u00fcber Gemeinde) Zeltm\u00f6glichkeiten f\u00fcr Jugendgruppen, Vereine u. geschossene Verb\u00e4nde, Tel.: 05953-323 (zu den Dienstzeiten der Verwaltung)<\/p>\n<p>G\u00e4stehaus und Campingplatz Sch\u00fctten-Book, Breddenbergerstra\u00dfe 11, 26904 B\u00f6rger, Tel.: 05953\/239 Zimmervermietung, Zelt- und Wohnwagenstellpl\u00e4tze. Preise und Belegung [&#8230;]<\/p>\n","protected":false},"author":2,"featured_media":0,"parent":227,"menu_order":2,"comment_status":"closed","ping_status":"open","template":"","meta":{"ngg_post_thumbnail":0,"footnotes":""},"class_list":["post-232","page","type-page","status-publish","hentry","odd"],"_links":{"self":[{"href":"http:\/\/heimatverein.he-webpack.de\/index.php?rest_route=\/wp\/v2\/pages\/232","targetHints":{"allow":["GET"]}}],"collection":[{"href":"http:\/\/heimatverein.he-webpack.de\/index.php?rest_route=\/wp\/v2\/pages"}],"about":[{"href":"http:\/\/heimatverein.he-webpack.de\/index.php?rest_route=\/wp\/v2\/types\/page"}],"author":[{"embeddable":true,"href":"http:\/\/heimatverein.he-webpack.de\/index.php?rest_route=\/wp\/v2\/users\/2"}],"replies":[{"embeddable":true,"href":"http:\/\/heimatverein.he-webpack.de\/index.php?rest_route=%2Fwp%2Fv2%2Fcomments&post=232"}],"version-history":[{"count":47,"href":"http:\/\/heimatverein.he-webpack.de\/index.php?rest_route=\/wp\/v2\/pages\/232\/revisions"}],"predecessor-version":[{"id":13693,"href":"http:\/\/heimatverein.he-webpack.de\/index.php?rest_route=\/wp\/v2\/pages\/232\/revisions\/13693"}],"up":[{"embeddable":true,"href":"http:\/\/heimatverein.he-webpack.de\/index.php?rest_route=\/wp\/v2\/pages\/227"}],"wp:attachment":[{"href":"http:\/\/heimatverein.he-webpack.de\/index.php?rest_route=%2Fwp%2Fv2%2Fmedia&parent=232"}],"curies":[{"name":"wp","href":"https:\/\/api.w.org\/{rel}","templated":true}]}}