{"id":230,"date":"2009-06-29T18:52:50","date_gmt":"2009-06-29T16:52:50","guid":{"rendered":"http:\/\/heimatverein.he-webpack.de\/?page_id=230"},"modified":"2009-07-07T09:21:28","modified_gmt":"2009-07-07T07:21:28","slug":"jugend-gastehaus-borger","status":"publish","type":"page","link":"http:\/\/heimatverein.he-webpack.de\/?page_id=230","title":{"rendered":"Jugend-G\u00e4stehaus B\u00f6rger"},"content":{"rendered":"<p><strong>Jugend-G\u00e4stehaus in B\u00f6rger. <\/strong><\/p>\n<p>Der ideale Treffpunkt, inmitten des sch\u00f6nen Emslandes, f\u00fcr Familien und Schulklassen, Jugendliche und Junggebliebene. Der Ort B\u00f6rger ist immer eine Reise Wert, egal ob f\u00fcr Freunde der sch\u00f6nen Natur, historischer Denkm\u00e4ler oder f\u00fcr Sport und Technikbegeisterte. Hier findet jeder das Passende. <\/p>\n<p>Unser G\u00e4stehaus verf\u00fcgt \u00fcber 62 Betten. 13 Nichtraucherzimmer, 4-,6-,8- und 10-Bettzimmer, 2 behindertenfreundliche Zimmer, 1 behindertengerechtes Bad,TV-Zimmer mit DVD-Player u. Beamer. Sowie ein Freizeit u. PartyraumDirekt am haus gibt es einen Bolzplatz, sowie hauseigene Leihfahrr\u00e4der, einen Grillplatz und die M\u00f6glichkeit Tischtennis zu spielen. Unsere Tagesr\u00e4ume bieten Platz f\u00fcr Seminare und Gesellschaften mit Buffett-Service.<\/p>\n<p>Karsten u. Anke Schepers<br \/>\nHerbergsweg 2, 26904 B\u00f6rger<br \/>\nTelefon:05953-228 Fax: 05953-925672<br \/>\n<a href=\"http:\/\/www.jugendgaestehaus-boerger.de\">www.jugendgaestehaus-boerger.de<\/a><\/p>\n<p><img loading=\"lazy\" decoding=\"async\" src=\"http:\/\/heimatverein.he-webpack.de\/wp-content\/uploads\/2009\/06\/JGH-B\u00f6rger1-300x199.jpg\" alt=\"JGH B\u00f6rger\" title=\"JGH B\u00f6rger\" width=\"300\" height=\"199\" class=\"alignright size-medium wp-image-280\" srcset=\"http:\/\/heimatverein.he-webpack.de\/wp-content\/uploads\/2009\/06\/JGH-B\u00f6rger1-300x199.jpg 300w, http:\/\/heimatverein.he-webpack.de\/wp-content\/uploads\/2009\/06\/JGH-B\u00f6rger1.jpg 500w\" sizes=\"auto, (max-width: 300px) 100vw, 300px\" \/><\/p>\n","protected":false},"excerpt":{"rendered":"<p>Jugend-G\u00e4stehaus in B\u00f6rger. <\/p>\n<p>Der ideale Treffpunkt, inmitten des sch\u00f6nen Emslandes, f\u00fcr Familien und Schulklassen, Jugendliche und Junggebliebene. Der Ort B\u00f6rger ist immer eine Reise Wert, egal ob f\u00fcr Freunde der sch\u00f6nen Natur, historischer Denkm\u00e4ler oder f\u00fcr Sport und Technikbegeisterte. Hier findet jeder das Passende. <\/p>\n<p>Unser G\u00e4stehaus verf\u00fcgt \u00fcber 62 Betten. 13 Nichtraucherzimmer, 4-,6-,8- [&#8230;]<\/p>\n","protected":false},"author":2,"featured_media":0,"parent":227,"menu_order":5,"comment_status":"closed","ping_status":"open","template":"","meta":{"ngg_post_thumbnail":0,"footnotes":""},"class_list":["post-230","page","type-page","status-publish","hentry","odd"],"_links":{"self":[{"href":"http:\/\/heimatverein.he-webpack.de\/index.php?rest_route=\/wp\/v2\/pages\/230","targetHints":{"allow":["GET"]}}],"collection":[{"href":"http:\/\/heimatverein.he-webpack.de\/index.php?rest_route=\/wp\/v2\/pages"}],"about":[{"href":"http:\/\/heimatverein.he-webpack.de\/index.php?rest_route=\/wp\/v2\/types\/page"}],"author":[{"embeddable":true,"href":"http:\/\/heimatverein.he-webpack.de\/index.php?rest_route=\/wp\/v2\/users\/2"}],"replies":[{"embeddable":true,"href":"http:\/\/heimatverein.he-webpack.de\/index.php?rest_route=%2Fwp%2Fv2%2Fcomments&post=230"}],"version-history":[{"count":7,"href":"http:\/\/heimatverein.he-webpack.de\/index.php?rest_route=\/wp\/v2\/pages\/230\/revisions"}],"predecessor-version":[{"id":278,"href":"http:\/\/heimatverein.he-webpack.de\/index.php?rest_route=\/wp\/v2\/pages\/230\/revisions\/278"}],"up":[{"embeddable":true,"href":"http:\/\/heimatverein.he-webpack.de\/index.php?rest_route=\/wp\/v2\/pages\/227"}],"wp:attachment":[{"href":"http:\/\/heimatverein.he-webpack.de\/index.php?rest_route=%2Fwp%2Fv2%2Fmedia&parent=230"}],"curies":[{"name":"wp","href":"https:\/\/api.w.org\/{rel}","templated":true}]}}