{"id":142,"date":"2009-03-30T09:32:39","date_gmt":"2009-03-30T08:32:39","guid":{"rendered":"http:\/\/heimatverein.he-webpack.de\/?page_id=142"},"modified":"2025-01-02T17:15:44","modified_gmt":"2025-01-02T16:15:44","slug":"der-verein","status":"publish","type":"page","link":"http:\/\/heimatverein.he-webpack.de\/","title":{"rendered":"Heimatverein B\u00f6rger e. V."},"content":{"rendered":"<p><strong>Willkommen auf den Seiten des Heimatverein B\u00f6rger e. V.<\/strong><\/p>\n<p><div id=\"attachment_4813\" style=\"width: 210px\" class=\"wp-caption alignright\"><a href=\"http:\/\/heimatverein.he-webpack.de\/wp-content\/uploads\/2009\/03\/HH-2015-1200.jpg\" rel=\"lightbox[142]\"><img loading=\"lazy\" decoding=\"async\" aria-describedby=\"caption-attachment-4813\" class=\"size-thumbnail wp-image-4813\" title=\"HH 2015 1200\" src=\"http:\/\/heimatverein.he-webpack.de\/wp-content\/uploads\/2009\/03\/HH-2015-1200-200x150.jpg\" alt=\"Heimathaus B\u00f6rger 2015\" width=\"300\" height=\"225\" \/><\/a><p id=\"caption-attachment-4813\" class=\"wp-caption-text\">Heimathaus B\u00f6rger 2015<\/p><\/div><br \/>\nSch\u00f6n, das ihr\u00a0diese Seiten gefunden habt. Sie (ihr) finden(et) hier Informationen \u00fcber den Verein, die Arbeit des Vereines und \u00fcber die Mitglieder. Lasst (en Sie sich) euch unterhalten und informieren. Unser Heimatdorf B\u00f6rger liegt im <a href=\"http:\/\/www.emsland.de\">Emsland<\/a>, auf dem H\u00f6henr\u00fccken des sch\u00f6nen &#8222;H\u00fcmmling&#8220;.  Nachweislich wurde &#8222;Borger&#8220; um 1070 erstmalig erw\u00e4hnt, stammt aber sicherlich aus der s\u00e4chsischen Zeit vor dem Jahr 800 n.Chr. Aus dem kleinen Bauerndorf, mit einst 18 Erbh\u00f6fen und einigen Heuerh\u00e4usern in der Sachsenzeit, entwickelte sich durch Erweiterungen und Ansiedlung abgehenden Kindern (K\u00f6ttern und Neubauern), ein <a href=\"http:\/\/heimatverein.he-webpack.de\/?page_id=1500 \"> Bauern- und M\u00fchlendorf<\/a> mit heute ca. 3000 Einwohnern. <\/p>\n<p><strong>Adresse des Heimathauses B\u00f6rger &#8211; Up n Riegen 1C, 26904 B\u00f6rger<\/strong><br \/>\nPostadresse: Vorsitzende Johanna Terhalle, Feldweg 1, 26904 B\u00f6rger Mail: terhalle (at) heimatverein-boerger.de &#8211; Tel.: 05953-8378 &#8211; Homepage: www.heimatverein-boerger.de<br \/>\nTel. Heimathaus und Zehntscheune: 05953-8669999 (weitergeleitet)<\/p>\n<p>Unsere Ortschaft B\u00f6rger, hat Einiges zu bieten. So z. B. die sch\u00f6nen W\u00e4lder mit Wanderwegen, befestigte Feldwege f\u00fcr Skater und Radler und Sehensw\u00fcrdigkeiten wie Steingr\u00e4ber, Opferstein sowie den Wacholderhain. Weiterhin sind die Weidenkirche am M\u00fchlenhof und einen historischen Schafstall Orte der Ruhe und Erholung. Wer als Gast Gelassenheit sucht, ist hier gut aufgehoben. Ein Verzeichnis der \u00dcbernachtungsm\u00f6glichkeiten finden sie hier auf den Seiten. Neben der Landwirtschaft sind Gewerbebetriebe heimisch, die Arbeit und Brot schaffen. Domizil des Heimatverein B\u00f6rger e.V. ist das <a href=\"http:\/\/heimatverein.he-webpack.de\/?page_id=1068\">Heimathaus<\/a> auf dem Riegen. Mitglieder des Vereins (Einheimische, aber auch &#8222;Buten-B\u00f6rgeraner&#8220;) sind in Arbeitskreisen f\u00fcr die Dorfgemeinschaft aktiv. Viele B\u00f6rger Vereine und Gruppen, die das Heimathaus, das <strong>&#8222;Walkem\u00fcllerhaus&#8220;<\/strong> nutzen, sind ebenfalls Mitglieder des Heimatverein B\u00f6rger e.V.. Der Heimatverein B\u00f6rger ist ein gemeinn\u00fctziger, junger Verein. Er wurde am 04. Dez. 1987 von B\u00fcrgern, nach erfolgreicher Teilnahme des Ortes an der Dorferneuerung gegr\u00fcndet. Der HV B\u00f6rger hat im Jan. 2019, 312 Mitglieder. Der <a href=\"http:\/\/heimatverein.he-webpack.de\/?page_id=7285\">Gedanke einen Heimatverein zu gr\u00fcnden<\/a>, ist jedoch viel \u00e4lter. Anf\u00e4nge stammen aus den 1800er Jahren. <\/p>\n<p><div id=\"attachment_5768\" style=\"width: 210px\" class=\"wp-caption alignleft\"><a href=\"http:\/\/heimatverein.he-webpack.de\/wp-content\/uploads\/2016\/03\/Zehntscheune-DR-988.jpg\" rel=\"attachment wp-att-5768\" rel=\"lightbox[142]\"><img loading=\"lazy\" decoding=\"async\" aria-describedby=\"caption-attachment-5768\" src=\"http:\/\/heimatverein.he-webpack.de\/wp-content\/uploads\/2016\/03\/Zehntscheune-DR-988-200x150.jpg\" alt=\"B\u00f6rger Zehntscheune im Januar 2016\" width=\"200\" height=\"150\" class=\"size-thumbnail wp-image-5768\" \/><\/a><p id=\"caption-attachment-5768\" class=\"wp-caption-text\">B\u00f6rger Zehntscheune im Januar 2016<\/p><\/div>F\u00fcr weitergehende Informationen <a href=\"http:\/\/heimatverein.he-webpack.de\/?page_id=2904\">\u00fcber den Ort B\u00f6rger<\/a>, den Heimatverein und \/ oder der Nutzung des Heimathauses im Rahmen der Vereine oder des Fremdenverkehrs, sprechen Sie uns an. Mit dieser Homepage wollen wir uns und unsere Arbeit vorstellen. Der Vorstand des Heimatverein B\u00f6rger baute 2014 bis 2022 ein Mehrzweckgeb\u00e4ude, <strong>&#8222;Zehntscheune&#8220;<\/strong> genannt, f\u00fcr die &#8222;Historische Sammlung&#8220;, als Lernstandort, der Vorstandsarbeit und f\u00fcr das Heimatvereins-Archiv. F\u00fcr die St\u00e4nderwerk- und Dachstuhlarbeiten konnten wir Wandergesellinnen und Wandergesellen <div id=\"attachment_8593\" style=\"width: 210px\" class=\"wp-caption alignright\"><a href=\"http:\/\/heimatverein.he-webpack.de\/wp-content\/uploads\/2019\/01\/Weidenkirche-2-2018-e1547807010995.jpg\" rel=\"lightbox[142]\"><img loading=\"lazy\" decoding=\"async\" aria-describedby=\"caption-attachment-8593\" src=\"http:\/\/heimatverein.he-webpack.de\/wp-content\/uploads\/2019\/01\/Weidenkirche-2-2018-200x150.jpg\" alt=\"\" width=\"200\" height=\"150\" class=\"size-thumbnail wp-image-8593\" \/><\/a><p id=\"caption-attachment-8593\" class=\"wp-caption-text\">Weidenkirche am M\u00fchlenhof 2018<\/p><\/div>gewinnen, die im August und Sept. 2014 zwei Wochen f\u00fcr uns arbeiteten. In 2016 waren die Bauma\u00dfnahmen von ehrenamtlichen Mitgliedern des HV vollendet. Im Fr\u00fchjahr 2017 startete dann das Projekt &#8222;Innenausbau&#8220;. Diese Arbeiten zogen sich lange hin. Im Fr\u00fchjahr 2019 kamen die Arbeiten zum Stillstand, da die Gemeinde den Heimathof  wegen der grassierenden Corona schlie\u00dfen musste. Sporadisch gingen die Arbeiten in 2020 und 2021 weiter und 2022 im Endspurt wieder mit voller Kraft. Insgesamt waren ca. 200 Helfer bei vielen Gewerken am Bau behilflich. Im Sept. 2022 konnte man das Geb\u00e4ude einweihen und den vielen Mitwirkenden bei einem Einweihungsfest danken. (01\/2023)<\/p>\n<p>Bilder des Homepagekopfes: Tanzgruppe HV B\u00f6rger 2009 &#8211; Foto: H. Westerhoff, Tanzgruppe HV\/Caritas-Werkst\u00e4tten &#8211; Foto: UB 2003, Impressionen beim Heimathaus &#8211; Foto: UB 2010, 2010, Heimathaus im Sommermorgenlicht &#8211; Foto: UB 2003, Die letzte Sch\u00e4ferin &#8211; Foto: H. Westerhoff, Wacholderhain &#8211; Foto: 1930er Jahre, Heidelandschaft H\u00fcmmling &#8211; W. Fleer 1930er Jahre, Steenhus B\u00f6rger &#8211; Foto: UB 2005, Dosfelder Kluse &#8211; Foto: UB 1990, Gr\u00f6\u00dfere Heimatvereinsgruppe im Sept. 2014 im Museumsdorf Cloppenburg &#8211; Foto: UB 2015, Gruppe des Arbeitskreises Geschichte (15 Pers.) bei der Ehrung Kirmes 2014 &#8211; Foto: LUB, Gruppe des HV beim Ausflug ins Artland vor dem Heimathaus Berge Foto: Herm. Schmitz.<\/p>\n","protected":false},"excerpt":{"rendered":"<p>Willkommen auf den Seiten des Heimatverein B\u00f6rger e. V.<\/p>\n<p><p id=\"caption-attachment-4813\" class=\"wp-caption-text\">Heimathaus B\u00f6rger 2015<\/p>\n<p> Sch\u00f6n, das ihr diese Seiten gefunden habt. Sie (ihr) finden(et) hier Informationen \u00fcber den Verein, die Arbeit des Vereines und \u00fcber die Mitglieder. Lasst (en Sie sich) euch unterhalten und informieren. Unser Heimatdorf B\u00f6rger liegt im Emsland, auf dem H\u00f6henr\u00fccken des [&#8230;]<\/p>\n","protected":false},"author":2,"featured_media":0,"parent":140,"menu_order":1,"comment_status":"open","ping_status":"closed","template":"","meta":{"ngg_post_thumbnail":0,"footnotes":""},"class_list":["post-142","page","type-page","status-publish","hentry","odd"],"_links":{"self":[{"href":"http:\/\/heimatverein.he-webpack.de\/index.php?rest_route=\/wp\/v2\/pages\/142","targetHints":{"allow":["GET"]}}],"collection":[{"href":"http:\/\/heimatverein.he-webpack.de\/index.php?rest_route=\/wp\/v2\/pages"}],"about":[{"href":"http:\/\/heimatverein.he-webpack.de\/index.php?rest_route=\/wp\/v2\/types\/page"}],"author":[{"embeddable":true,"href":"http:\/\/heimatverein.he-webpack.de\/index.php?rest_route=\/wp\/v2\/users\/2"}],"replies":[{"embeddable":true,"href":"http:\/\/heimatverein.he-webpack.de\/index.php?rest_route=%2Fwp%2Fv2%2Fcomments&post=142"}],"version-history":[{"count":225,"href":"http:\/\/heimatverein.he-webpack.de\/index.php?rest_route=\/wp\/v2\/pages\/142\/revisions"}],"predecessor-version":[{"id":13178,"href":"http:\/\/heimatverein.he-webpack.de\/index.php?rest_route=\/wp\/v2\/pages\/142\/revisions\/13178"}],"up":[{"embeddable":true,"href":"http:\/\/heimatverein.he-webpack.de\/index.php?rest_route=\/wp\/v2\/pages\/140"}],"wp:attachment":[{"href":"http:\/\/heimatverein.he-webpack.de\/index.php?rest_route=%2Fwp%2Fv2%2Fmedia&parent=142"}],"curies":[{"name":"wp","href":"https:\/\/api.w.org\/{rel}","templated":true}]}}