{"id":13564,"date":"2025-05-07T00:37:58","date_gmt":"2025-05-06T22:37:58","guid":{"rendered":"http:\/\/heimatverein.he-webpack.de\/?page_id=13564"},"modified":"2025-05-07T00:45:39","modified_gmt":"2025-05-06T22:45:39","slug":"nachruf-in-dankbarkeit","status":"publish","type":"page","link":"http:\/\/heimatverein.he-webpack.de\/?page_id=13564","title":{"rendered":"Nachruf in Dankbarkeit"},"content":{"rendered":"<p>Unser langj\u00e4hriges Ehrenmitglied und ehemaliger Vorsitzender Hermann Schmitz ist am 25. November 2024 pl\u00f6tzlich und unerwartet an einem Herzinfarkt verstorben ist. Sein Verlust hinterl\u00e4sst eine gro\u00dfe L\u00fccke \u2013 in unserem Verein, in der Gemeinde B\u00f6rger und in den Herzen all jener, die ihn kannten.<\/p>\n<p><a href=\"http:\/\/heimatverein.he-webpack.de\/wp-content\/uploads\/2024\/09\/Koester-Harm.jpg\" rel=\"lightbox[13564]\"><img loading=\"lazy\" decoding=\"async\" src=\"http:\/\/heimatverein.he-webpack.de\/wp-content\/uploads\/2024\/09\/Koester-Harm-200x150.jpg\" alt=\"\" width=\"200\" height=\"150\" class=\"alignleft size-thumbnail wp-image-12832\" \/><\/a><\/p>\n<p>Hermann Schmitz wurde am 28. April 1953 in B\u00f6rger geboren, wo er seine Kindheit und Jugend verbrachte. Nach der Schulausbildung in B\u00f6rger und S\u00f6gel f\u00fchrte ihn sein Weg nach Nordrhein-Westfalen, wo er eine Laufbahn bei der Polizei einschlug. Nach mehreren Jahren im Ruhrgebiet kehrte Hermann in die Heimat zur\u00fcck und war bis zu seinem Ruhestand ein gesch\u00e4tzter Beamter der nieders\u00e4chsischen Polizei in S\u00f6gel.<\/p>\n<p>Seine Liebe zum Sport zeigte sich in seinem Engagement im Sportverein DJK Eintracht B\u00f6rger, wo er nicht nur als aktiver Spieler und Initiator, sondern auch als stellvertretender Vorsitzender Verantwortung \u00fcbernahm. Dar\u00fcber hinaus war er viele Jahre ehrenamtlich f\u00fcr den Malteser Hilfsdienst t\u00e4tig, auch hier in f\u00fchrender Position.<\/p>\n<p>Hermann Schmitz ist Gr\u00fcndungsmitglied des Heimatverein B\u00f6rger e. V. im Jahre 1987. Sein Engagement f\u00fcr den Heimatverein B\u00f6rger begann schon bei Vereinsgr\u00fcndung. 2004 \u00fcbernahm er das Amt des stellvertretenden Vorsitzenden. Schon bald war er die treibende Kraft hinter zahlreichen Projekten, darunter die Organisation der 1150-Jahr-Feier der Gemeinde B\u00f6rger. 2008 wurde Hermann zum Vorsitzenden gew\u00e4hlt \u2013 ein Amt, das er mit unerm\u00fcdlichem Einsatz bis 2021 innehatte, bevor er es noch einmal kommissarisch \u00fcbernahm bis ein Nachfolger gefunden wurde. In seiner 19-j\u00e4hrigen Amtszeit pr\u00e4gte er den Verein nachhaltig und wurde 2023 f\u00fcr seine besonderen Verdienste, auf Antrag des Vorstandes, f\u00fcr die Mitglieder zum Ehrenmitglied ernannt.<\/p>\n<p>Weiterhin hervorzuheben ist Hermanns Einsatz in der Fl\u00fcchtlingshilfe, die ab 2015 zahlreiche Herausforderungen mit sich brachte. Als Koordinator leitete er mit gro\u00dfem Einf\u00fchlungsverm\u00f6gen und organisatorischem Talent die Hilfsprojekte in B\u00f6rger und war ein verl\u00e4sslicher Ansprechpartner f\u00fcr die Samtgemeinde S\u00f6gel.<\/p>\n<p>Auch die Plattdeutsch-AG der Grundschule B\u00f6rger lag ihm am Herzen. Mit seiner humorvollen und kreativen Art brachte er unz\u00e4hligen Kindern die plattdeutsche Sprache n\u00e4her und leistete damit einen wichtigen Beitrag zur Bewahrung unserer kulturellen Wurzeln. Ein weiteres Verm\u00e4chtnis von Hermann Schmitz ist sein Engagement im Arbeitskreis H\u00fcmmlinger Pilgerweg, den er 2007 \/ 2008 mitgr\u00fcndete und intensiv mitgestaltete. Er war Mitglied des Vorstandes und setzte sich mit viel Leidenschaft f\u00fcr den Ausbau und Erhalt dieses spirituellen Weges ein.<\/p>\n<p>Hermann Schmitz war mehr als ein Ehrenamtlicher \u2013 er war ein unerm\u00fcdlicher Motor des Gemeindelebens, ein Vorbild und ein gesch\u00e4tzter Freund. Wir werden ihn stets als warmherzigen, humorvollen und engagierten Menschen in Erinnerung behalten. Unser tiefes Mitgef\u00fchl gilt seiner Ehefrau Anne, seiner Familie und allen Angeh\u00f6rigen. M\u00f6ge er in Frieden ruhen.<\/p>\n<p>Im Namen des Heimatvereins B\u00f6rger<br \/>\nder Gesamtvorstand<\/p>\n","protected":false},"excerpt":{"rendered":"<p>Unser langj\u00e4hriges Ehrenmitglied und ehemaliger Vorsitzender Hermann Schmitz ist am 25. November 2024 pl\u00f6tzlich und unerwartet an einem Herzinfarkt verstorben ist. Sein Verlust hinterl\u00e4sst eine gro\u00dfe L\u00fccke \u2013 in unserem Verein, in der Gemeinde B\u00f6rger und in den Herzen all jener, die ihn kannten.<\/p>\n<\/p>\n<p>Hermann Schmitz wurde am 28. April 1953 in B\u00f6rger geboren, [&#8230;]<\/p>\n","protected":false},"author":2,"featured_media":0,"parent":0,"menu_order":0,"comment_status":"closed","ping_status":"closed","template":"","meta":{"ngg_post_thumbnail":0,"footnotes":""},"class_list":["post-13564","page","type-page","status-publish","hentry","odd"],"_links":{"self":[{"href":"http:\/\/heimatverein.he-webpack.de\/index.php?rest_route=\/wp\/v2\/pages\/13564","targetHints":{"allow":["GET"]}}],"collection":[{"href":"http:\/\/heimatverein.he-webpack.de\/index.php?rest_route=\/wp\/v2\/pages"}],"about":[{"href":"http:\/\/heimatverein.he-webpack.de\/index.php?rest_route=\/wp\/v2\/types\/page"}],"author":[{"embeddable":true,"href":"http:\/\/heimatverein.he-webpack.de\/index.php?rest_route=\/wp\/v2\/users\/2"}],"replies":[{"embeddable":true,"href":"http:\/\/heimatverein.he-webpack.de\/index.php?rest_route=%2Fwp%2Fv2%2Fcomments&post=13564"}],"version-history":[{"count":3,"href":"http:\/\/heimatverein.he-webpack.de\/index.php?rest_route=\/wp\/v2\/pages\/13564\/revisions"}],"predecessor-version":[{"id":13570,"href":"http:\/\/heimatverein.he-webpack.de\/index.php?rest_route=\/wp\/v2\/pages\/13564\/revisions\/13570"}],"wp:attachment":[{"href":"http:\/\/heimatverein.he-webpack.de\/index.php?rest_route=%2Fwp%2Fv2%2Fmedia&parent=13564"}],"curies":[{"name":"wp","href":"https:\/\/api.w.org\/{rel}","templated":true}]}}