{"id":1231,"date":"2010-03-03T18:32:04","date_gmt":"2010-03-03T17:32:04","guid":{"rendered":"http:\/\/heimatverein.he-webpack.de\/?page_id=1231"},"modified":"2019-01-17T20:25:56","modified_gmt":"2019-01-17T19:25:56","slug":"intern-texte","status":"publish","type":"page","link":"http:\/\/heimatverein.he-webpack.de\/?page_id=1231","title":{"rendered":"Wiedererrichtung der alten &#8222;Zehntscheune&#8220;"},"content":{"rendered":"<p>Nachdem man im Jahre 2010 keine Zustimmung im Rat fand, ein Museums- und Archivgeb\u00e4ude im Rahmen des ILEK-Projektes zu bauen, liefen im Fr\u00fchjahr 2014 wieder die Planungen f\u00fcr die Errichtung eines zus\u00e4tzlichen Geb\u00e4udes am Heimathof B\u00f6rger, Riegen. Neben dem vorhandenen Heimathaus, dem &#8222;Walkem\u00fcllerhaus&#8220; soll auf der gegen\u00fcber liegenden Seite des \u00dclkepouls die &#8222;Zehntscheune&#8220; entstehen. <\/p>\n<p><a href=\"http:\/\/heimatverein.he-webpack.de\/wp-content\/uploads\/2010\/03\/Ansicht-S\u00fcd-Bauantrag.jpg\"><img loading=\"lazy\" decoding=\"async\" src=\"http:\/\/heimatverein.he-webpack.de\/wp-content\/uploads\/2010\/03\/Ansicht-S\u00fcd-Bauantrag-300x207.jpg\" alt=\"Ansicht S\u00fcd Bauantrag\" title=\"Ansicht S\u00fcd Bauantrag\" width=\"300\" height=\"207\" class=\"alignright size-medium wp-image-3598\" srcset=\"http:\/\/heimatverein.he-webpack.de\/wp-content\/uploads\/2010\/03\/Ansicht-S\u00fcd-Bauantrag-300x207.jpg 300w, http:\/\/heimatverein.he-webpack.de\/wp-content\/uploads\/2010\/03\/Ansicht-S\u00fcd-Bauantrag.jpg 908w\" sizes=\"auto, (max-width: 300px) 100vw, 300px\" \/><\/a>Der sehnliche Wunsch des HV ist es, das ausgelagerte Museum in einem festen Geb\u00e4ude unterzubringen und ein Heimat- und Gemeindearchiv aufzubauen. Viel Arbeit hat man schon investiert und Vorleistungen erbracht. So ist Baumaterial von zwei alten Geb\u00e4uden gesichert worden. Das vorhandene Walkem\u00fcllerhaus platzt aus allen N\u00e4hten und in B\u00f6rger braucht man Platz f\u00fcr verschiedenste Aufgaben der Heimatarbeit, des Fremdenverkehrs und der Dorfpr\u00e4sentation. <\/p>\n<p>Im M\u00e4rz 2014 bot sich eine <strong>&#8222;Handwerkergruppe auf der Walz&#8220;<\/strong> an, auf dem H\u00fcmmling ein Projekt zu machen. G\u00fcnter Wigbers SG-B\u00fcrgermeister dachte dabei dann an das Projekt des HV B\u00f6rger. Der HV stellte dem Rat der Gemeinde das Projekt vor und man sah gute Aussichten dieses Projekt <strong>&#8222;Erstellung eines Mehrzweckgeb\u00e4udes&#8220;<\/strong> zu verwirklichen. Der Rat stellte als Grundstock einen ansehnlichen Betrag in den Haushalt. Nun k\u00f6nnen die Planungen weitergehen, die Heimathausanlage auszubauen und ein Mehrzweckgeb\u00e4ude, die ZEHNTSCHEUNE zu bauen. Anfang Juli 2014 wurde die Bauma\u00dfnahme genehmigt. Dabei half die Verwaltung der Samtgemeinde und B\u00fcrgermeister Wigbers tatkr\u00e4ftig. Das Projekt wurde und wird vom Regionalmanager Ralf Deitermann unterst\u00fctzt. Hierf\u00fcr wurden f\u00fcr die Erstellung des Geb\u00e4udes Zusch\u00fcsse vieler Organisationen, Einzelpersonen und Firmen im Rahmen der Kulturf\u00f6rderung eingeworben. Der Rohbau war im Januar 2016 fertig.<\/p>\n<p>Ab Sommer 2017 ist das Projekt <strong>Ausbau der Zehntscheune<\/strong> angepackt worden. Dieses Projekt wurde vom Eigent\u00fcmer (Gemeinde B\u00f6rger), mit Initiative und Hilfe des Heimatvereins B\u00f6rger, im Rahmen eines LEADER-Projekt beantragt und ist im Fr\u00fchjahr 2017 genehmigt worden. Das Geb\u00e4ude ist Ende Juni 2018 fertig und ist abgenommen worden. Jetzt fehlt noch die Inneneinrichtung. Im Sommer 2019 soll das Geb\u00e4ude der \u00d6ffentlichkeit vorgestellt werden.<\/p>\n<p><div id=\"attachment_5768\" style=\"width: 310px\" class=\"wp-caption alignleft\"><a href=\"http:\/\/heimatverein.he-webpack.de\/wp-content\/uploads\/2016\/03\/Zehntscheune-DR-988.jpg\" rel=\"attachment wp-att-5768\" rel=\"lightbox[1231]\"><img loading=\"lazy\" decoding=\"async\" aria-describedby=\"caption-attachment-5768\" src=\"http:\/\/heimatverein.he-webpack.de\/wp-content\/uploads\/2016\/03\/Zehntscheune-DR-988-300x193.jpg\" alt=\"B\u00f6rger Zehntscheune (Febr. 2016)\" width=\"300\" height=\"193\" class=\"size-medium wp-image-5768\" srcset=\"http:\/\/heimatverein.he-webpack.de\/wp-content\/uploads\/2016\/03\/Zehntscheune-DR-988-300x193.jpg 300w, http:\/\/heimatverein.he-webpack.de\/wp-content\/uploads\/2016\/03\/Zehntscheune-DR-988-768x495.jpg 768w, http:\/\/heimatverein.he-webpack.de\/wp-content\/uploads\/2016\/03\/Zehntscheune-DR-988-150x97.jpg 150w, http:\/\/heimatverein.he-webpack.de\/wp-content\/uploads\/2016\/03\/Zehntscheune-DR-988-400x258.jpg 400w, http:\/\/heimatverein.he-webpack.de\/wp-content\/uploads\/2016\/03\/Zehntscheune-DR-988.jpg 988w\" sizes=\"auto, (max-width: 300px) 100vw, 300px\" \/><\/a><p id=\"caption-attachment-5768\" class=\"wp-caption-text\">B\u00f6rger Zehntscheune (Febr. 2016)<\/p><\/div>Die Zehntscheune soll eine <strong>Bereicherung B\u00f6rgers und des H\u00fcmmlings<\/strong> darstellen und vielseitig genutzt werden k\u00f6nnen (Anlauf von Pilger- und Wandergruppen, Ortsdarstellung, Au\u00dferschulische Lernort, Haus der Vereine, Ausstellungsraum, Toilettenanlage, Archiv, Arbeitsr\u00e4ume Use Borger u.v.m.). <\/p>\n<p>Der Begriff &#8222;Zehntscheune&#8220; soll nicht wie einst, &#8222;Steuer-, Abgabenlast und Fron&#8220; suggerieren, sondern heute der Ort der Gemeinschaft der Bewohner von B\u00f6rger sein und Gemeinschaftssinn f\u00f6rdern, so wie man es bei den Feiern zum 1150j\u00e4hrigen Jubil\u00e4um in den Jahren 2004 und 2005 eindrucksvoll erleben konnte. Es soll Zusammenhalt und Ehrenamt darstellen und ausdr\u00fccken. Dieses Geb\u00e4ude soll zusammen mit dem Walkem\u00fcllerhaus, Nebengeb\u00e4uden, dem Riegenbrink und den Teichanlagen dem Besuchen die Geschichte und die Gegenwart von B\u00f6rger pr\u00e4sentieren und f\u00fcr uns als Gemeinschaft &#8222;werben&#8220;. Es soll Anlaufstelle f\u00fcr G\u00e4ste sein und interessierten G\u00e4sten und Einheimischen immer wieder neue Einblicke in das &#8222;Jetzt und Gestern&#8220; bieten. <\/p>\n","protected":false},"excerpt":{"rendered":"<p>Nachdem man im Jahre 2010 keine Zustimmung im Rat fand, ein Museums- und Archivgeb\u00e4ude im Rahmen des ILEK-Projektes zu bauen, liefen im Fr\u00fchjahr 2014 wieder die Planungen f\u00fcr die Errichtung eines zus\u00e4tzlichen Geb\u00e4udes am Heimathof B\u00f6rger, Riegen. Neben dem vorhandenen Heimathaus, dem &#8222;Walkem\u00fcllerhaus&#8220; soll auf der gegen\u00fcber liegenden Seite des \u00dclkepouls die &#8222;Zehntscheune&#8220; entstehen. <\/p>\n<p> [&#8230;]<\/p>\n","protected":false},"author":2,"featured_media":0,"parent":0,"menu_order":0,"comment_status":"closed","ping_status":"open","template":"","meta":{"ngg_post_thumbnail":0,"footnotes":""},"class_list":["post-1231","page","type-page","status-publish","hentry","odd"],"_links":{"self":[{"href":"http:\/\/heimatverein.he-webpack.de\/index.php?rest_route=\/wp\/v2\/pages\/1231","targetHints":{"allow":["GET"]}}],"collection":[{"href":"http:\/\/heimatverein.he-webpack.de\/index.php?rest_route=\/wp\/v2\/pages"}],"about":[{"href":"http:\/\/heimatverein.he-webpack.de\/index.php?rest_route=\/wp\/v2\/types\/page"}],"author":[{"embeddable":true,"href":"http:\/\/heimatverein.he-webpack.de\/index.php?rest_route=\/wp\/v2\/users\/2"}],"replies":[{"embeddable":true,"href":"http:\/\/heimatverein.he-webpack.de\/index.php?rest_route=%2Fwp%2Fv2%2Fcomments&post=1231"}],"version-history":[{"count":27,"href":"http:\/\/heimatverein.he-webpack.de\/index.php?rest_route=\/wp\/v2\/pages\/1231\/revisions"}],"predecessor-version":[{"id":1233,"href":"http:\/\/heimatverein.he-webpack.de\/index.php?rest_route=\/wp\/v2\/pages\/1231\/revisions\/1233"}],"wp:attachment":[{"href":"http:\/\/heimatverein.he-webpack.de\/index.php?rest_route=%2Fwp%2Fv2%2Fmedia&parent=1231"}],"curies":[{"name":"wp","href":"https:\/\/api.w.org\/{rel}","templated":true}]}}