{"id":10760,"date":"2022-10-23T22:58:21","date_gmt":"2022-10-23T20:58:21","guid":{"rendered":"http:\/\/heimatverein.he-webpack.de\/?page_id=10760"},"modified":"2025-07-18T21:01:47","modified_gmt":"2025-07-18T19:01:47","slug":"10760-2","status":"publish","type":"page","link":"http:\/\/heimatverein.he-webpack.de\/?page_id=10760","title":{"rendered":"Verantwortliche Vorst\u00e4nde des Heimatverein B\u00f6rger e. V."},"content":{"rendered":"<p>Gegr\u00fcndet wurde der <strong>Heimatverein B\u00f6rger e.V. am 04. Dez. 1987<\/strong> von Heimatfreunden, die sich bei der Dorferneuerung eingebracht hatten und zahlreichen Interessierten und politischen Gremien aus B\u00f6rger. Eingeladen hatte der B\u00fcrgermeister am 29.11.1987 \u00fcber eine Ver\u00f6ffentlichung auf dem St. Jodokus-Boten. Zuvor am 04.10.1987 hatte der Rat eine Empfehlung zur Gr\u00fcndung gegeben, um die \u201eAnliegen der Heimat und der Geschichte des Ortes in Erinnerung zu halten\u201c. Zu dieser Zeit war auf Initiative des Gemeinderates, mit B\u00fcrgermeister Hermann Rekers, seines Stellvertreters Hermann Ubbenjans sen., sowie weiteren Ratsmitgliedern auf dem Riegen schon ein sch\u00f6nes Heimathaus aus Mitteln der Dorferneuerung entstanden. <\/p>\n<p>Hauptinitiatoren einen Heimatverein zu gr\u00fcnden, war der Gemeinderat mit Hans-Theo Jansen, ehemalige Ratsmitglieder und sp\u00e4tere Vorstandsmitglieder des Heimatvereins Benedikt M\u00fcller, Heinrich Wesseln, Liborius Geers sowie Josef Schmees, Albert Korten, Hermann T\u00f6bben und weiteren Aktive der \u201eAktion Dorferneuerung\u201c. Der Heimatverein solle, so die Aussage des damaligen Ratsvorsitzenden, das <strong>Heimathaus und den neuen Verein mit Leben f\u00fcllen<\/strong>. Dieses ist \u00fcber die Jahre unter Leitung der Vorst\u00e4nde mit Bravur gemeistert worden.<\/p>\n<p><a href=\"http:\/\/heimatverein.he-webpack.de\/wp-content\/uploads\/2025\/05\/Andrees-Bene.jpg\" rel=\"lightbox[10760]\"><img loading=\"lazy\" decoding=\"async\" src=\"http:\/\/heimatverein.he-webpack.de\/wp-content\/uploads\/2025\/05\/Andrees-Bene-200x150.jpg\" alt=\"\" width=\"200\" height=\"150\" class=\"alignleft size-thumbnail wp-image-13574\" \/><\/a><br \/>\n.<br \/>\n.<br \/>\nErster Vorsitzender der Heimatverein B\u00f6rger ist <strong>Benedikt M\u00fcller<\/strong><br \/>\nMitbegr\u00fcnder und Initiator des Vereines &#8211; Dez. 1987 bis M\u00e4rz 1994. Benedikt wurde<br \/>\nim Anschlu\u00df seiner T\u00e4tigkeit als Erster Vorsitzender zum Ehrenvorsitzenden gew\u00e4hlt.<br \/>\nSein Stellvertreter wurde im Dez. 1987 Liborius Geers.<br \/>\nSchriftf\u00fchrer\/Gesch\u00e4ftsf\u00fchrer ist seit Gr\u00fcndung Heinrich Wesseln.<br \/>\nKassenf\u00fchrer ist seit Vereinsgr\u00fcndung Josef Schmees.<br \/>\n.<br \/>\n.<br \/>\n.<br \/>\n.<br \/>\n<a href=\"http:\/\/heimatverein.he-webpack.de\/wp-content\/uploads\/2009\/03\/Wesseln-Heinrich.jpg\" rel=\"lightbox[10760]\"><img loading=\"lazy\" decoding=\"async\" src=\"http:\/\/heimatverein.he-webpack.de\/wp-content\/uploads\/2009\/03\/Wesseln-Heinrich-200x150.jpg\" alt=\"\" width=\"200\" height=\"150\" class=\"alignleft size-thumbnail wp-image-5304\" \/><\/a><br \/>\n.<br \/>\n.<br \/>\nBei einer Neuwahl im M\u00e4rz 1994 wurde <strong>Heinrich Wesseln<\/strong> Vorsitzender<br \/>\n(der Vereinsmitbegr\u00fcnder war seit Gr\u00fcndung Schriftf\u00fchrer des Vereines). Er wurde nach<br \/>\nseiner T\u00e4tigkeit als Vorsitzender zum Ehrenmitglied und sp\u00e4ter zum Ehrenvorsitzenden<br \/>\nernannt. Stellvertretender Vorsitzender blieb bis April 2004 Liborius Geers.<br \/>\nSchriftf\u00fchrerin von M\u00e4rz 1994 &#8211; M\u00e4rz 1996 Elly M\u00f6hlenkamp, ab M\u00e4rz 1996<br \/>\nHermann Ubbenjans. Kassenf\u00fchrer ist Josef Schmees.<br \/>\n.<br \/>\n.<br \/>\n.<\/p>\n<p><a href=\"http:\/\/heimatverein.he-webpack.de\/wp-content\/uploads\/2024\/09\/Gerda-Toebben-3.jpg\" rel=\"lightbox[10760]\"><img loading=\"lazy\" decoding=\"async\" src=\"http:\/\/heimatverein.he-webpack.de\/wp-content\/uploads\/2024\/09\/Gerda-Toebben-3-200x150.jpg\" alt=\"\" width=\"200\" height=\"150\" class=\"alignleft size-thumbnail wp-image-12830\" \/><\/a><\/p>\n<p>.<br \/>\n.<br \/>\nDritte Vorsitzende des Heimatverein wurde durch Wahl <strong>Gerda T\u00f6bben<\/strong>.<br \/>\nSie war vom M\u00e4rz 1999 bis April 2004 im Amt (vorher von M\u00e4rz 1988 beginnend<br \/>\ndie Leiterin und Initiatorin des Arbeitskreises Tanz- und Trachten). 2009 wurde<br \/>\nsie zum Ehrenmitglied des Vereines gew\u00e4hlt. 2. Vorsitzender und Vereinsmitbegr\u00fcnder<br \/>\nist Liborius Geers. Auch Liborius Geers wurde nach seinem Ausscheiden aus dem<br \/>\nVorstand 2008 Ehrenmitglied. Schriftf\u00fchrer oder Gesch\u00e4ftsf\u00fchrer ist Hermann Ubbenjans.<br \/>\nKassenf\u00fchrer ist weiterhin Josef Schmees.<br \/>\n.<br \/>\n.<br \/>\n.<br \/>\n.<br \/>\n<a href=\"http:\/\/heimatverein.he-webpack.de\/wp-content\/uploads\/2025\/05\/Jansen-Hans-Theo.jpg\" rel=\"lightbox[10760]\"><img loading=\"lazy\" decoding=\"async\" src=\"http:\/\/heimatverein.he-webpack.de\/wp-content\/uploads\/2025\/05\/Jansen-Hans-Theo-200x150.jpg\" alt=\"\" width=\"200\" height=\"150\" class=\"alignleft size-thumbnail wp-image-13576\" \/><\/a><br \/>\n.<br \/>\nVorsitzender wurde danach durch Wahl der ehem. B\u00fcrgermeister <strong>Hans-Theo Jansen<\/strong>.<br \/>\nEr amtierte vom April 2004 bis M\u00e4rz 2006 (w\u00e4hrend der 1150 Jahr Feiern in B\u00f6rger)<br \/>\nEr wurde 2014 zum Ehrenmitglied ernannt. Stellvertreter und Zweiter Vorsitzender<br \/>\nwurde durch Wahl Hermann Schmitz. Schriftf\u00fchrer oder Gesch\u00e4ftsf\u00fchrer ist<br \/>\nHermann Ubbenjans. Kassenf\u00fchrer des Heimatverein B\u00f6rger ist Josef Schmees.<br \/>\n.<br \/>\n.<br \/>\n.<br \/>\n.<br \/>\n.<\/p>\n<p><a href=\"http:\/\/heimatverein.he-webpack.de\/wp-content\/uploads\/2024\/09\/Koester-Harm.jpg\" rel=\"lightbox[10760]\"><img loading=\"lazy\" decoding=\"async\" src=\"http:\/\/heimatverein.he-webpack.de\/wp-content\/uploads\/2024\/09\/Koester-Harm-200x150.jpg\" alt=\"\" width=\"200\" height=\"150\" class=\"alignleft size-thumbnail wp-image-12832\" \/><\/a><\/p>\n<p>.<br \/>\nF\u00fcnfter Vorsitzender wurde <strong>Hermann Schmitz<\/strong> im M\u00e4rz 2008,<br \/>\nvorher \u00fcbernahm er ab M\u00e4rz 2006 kommissarisch den Vorsitz (als Stellvertr.)<br \/>\nbis M\u00e4rz 2023 (die letzten beiden Jahre wieder kommissarisch). Herm. Schmitz<br \/>\nwurde 2023 zum Ehrenmitglied des Heimatverein B\u00f6rger ernannt.<br \/>\nStellvertreter ist Josef Schmees, ab M\u00e4rz 2014 Gerd T\u00f6bben und danach<br \/>\nab M\u00e4rz 2017 Hans Klassen und ab M\u00e4rz 2019 Hermann Eilers. Josef Schmees<br \/>\nist seit 2008 Ehrenmitglied des Heimatverein. Schriftf\u00fchrer oder<br \/>\nGesch\u00e4ftsf\u00fchrer ist nach mehreren Wahlen weiterhin Hermann Ubbenjans.<br \/>\nKassenf\u00fchrer ist durch Neuwahl ab M\u00e4rz 2008 Heinz Oldiges.<br \/>\n.<br \/>\n.<\/p>\n<p><a href=\"http:\/\/heimatverein.he-webpack.de\/wp-content\/uploads\/2025\/05\/Terhalle-Johanna.jpg\" rel=\"lightbox[10760]\"><img loading=\"lazy\" decoding=\"async\" src=\"http:\/\/heimatverein.he-webpack.de\/wp-content\/uploads\/2025\/05\/Terhalle-Johanna-200x150.jpg\" alt=\"\" width=\"200\" height=\"150\" class=\"alignleft size-thumbnail wp-image-13578\" \/><\/a><br \/>\n.<\/p>\n<p>Sechste Erste Vorsitzende wurde im M\u00e4rz 2023 <strong>Johanna Terhalle<\/strong>.<br \/>\nZweiter Vorsitzender wurde im M\u00e4rz 2023 Heinz Oldiges<br \/>\n(Er war seit M\u00e4rz 2008 schon im Vorstand als Kassenf\u00fchrer).<br \/>\nSchriftf\u00fchrer ist Hermann Ubbenjans, ab M\u00e4rz 2024 Tanja Grote.<br \/>\nKassenf\u00fchrer ist durch Wahl ab M\u00e4rz 2023 Stefan Sievers.<br \/>\n.<br \/>\n.<\/p>\n","protected":false},"excerpt":{"rendered":"<p>Gegr\u00fcndet wurde der Heimatverein B\u00f6rger e.V. am 04. Dez. 1987 von Heimatfreunden, die sich bei der Dorferneuerung eingebracht hatten und zahlreichen Interessierten und politischen Gremien aus B\u00f6rger. Eingeladen hatte der B\u00fcrgermeister am 29.11.1987 \u00fcber eine Ver\u00f6ffentlichung auf dem St. Jodokus-Boten. Zuvor am 04.10.1987 hatte der Rat eine Empfehlung zur Gr\u00fcndung gegeben, um die \u201eAnliegen der [&#8230;]<\/p>\n","protected":false},"author":2,"featured_media":0,"parent":0,"menu_order":0,"comment_status":"closed","ping_status":"closed","template":"","meta":{"ngg_post_thumbnail":0,"footnotes":""},"class_list":["post-10760","page","type-page","status-publish","hentry","odd"],"_links":{"self":[{"href":"http:\/\/heimatverein.he-webpack.de\/index.php?rest_route=\/wp\/v2\/pages\/10760","targetHints":{"allow":["GET"]}}],"collection":[{"href":"http:\/\/heimatverein.he-webpack.de\/index.php?rest_route=\/wp\/v2\/pages"}],"about":[{"href":"http:\/\/heimatverein.he-webpack.de\/index.php?rest_route=\/wp\/v2\/types\/page"}],"author":[{"embeddable":true,"href":"http:\/\/heimatverein.he-webpack.de\/index.php?rest_route=\/wp\/v2\/users\/2"}],"replies":[{"embeddable":true,"href":"http:\/\/heimatverein.he-webpack.de\/index.php?rest_route=%2Fwp%2Fv2%2Fcomments&post=10760"}],"version-history":[{"count":88,"href":"http:\/\/heimatverein.he-webpack.de\/index.php?rest_route=\/wp\/v2\/pages\/10760\/revisions"}],"predecessor-version":[{"id":13732,"href":"http:\/\/heimatverein.he-webpack.de\/index.php?rest_route=\/wp\/v2\/pages\/10760\/revisions\/13732"}],"wp:attachment":[{"href":"http:\/\/heimatverein.he-webpack.de\/index.php?rest_route=%2Fwp%2Fv2%2Fmedia&parent=10760"}],"curies":[{"name":"wp","href":"https:\/\/api.w.org\/{rel}","templated":true}]}}