{"id":1068,"date":"2010-02-17T07:41:47","date_gmt":"2010-02-17T06:41:47","guid":{"rendered":"http:\/\/heimatverein.he-webpack.de\/?page_id=1068"},"modified":"2015-12-29T10:20:28","modified_gmt":"2015-12-29T09:20:28","slug":"heimathaus","status":"publish","type":"page","link":"http:\/\/heimatverein.he-webpack.de\/?page_id=1068","title":{"rendered":"Heimathaus B\u00f6rger"},"content":{"rendered":"<p><div id=\"attachment_11\" style=\"width: 310px\" class=\"wp-caption alignleft\"><img loading=\"lazy\" decoding=\"async\" aria-describedby=\"caption-attachment-11\" src=\"http:\/\/heimatverein.he-webpack.de\/wp-content\/uploads\/2009\/03\/hhaus_juli_2002-300x225.png\" alt=\"Das Heimathaus, idylisch an den Dorfteichen des Riegen gelegen - Foto: UB\" title=\"Heimathaus B\u00f6rger\" width=\"300\" height=\"225\" class=\"size-medium wp-image-11\" srcset=\"http:\/\/heimatverein.he-webpack.de\/wp-content\/uploads\/2009\/03\/hhaus_juli_2002-300x225.png 300w, http:\/\/heimatverein.he-webpack.de\/wp-content\/uploads\/2009\/03\/hhaus_juli_2002.png 320w\" sizes=\"auto, (max-width: 300px) 100vw, 300px\" \/><p id=\"caption-attachment-11\" class=\"wp-caption-text\">Das Heimathaus, idylisch an den Dorfteichen des Riegen gelegen - Foto: UB<\/p><\/div>Das Heimathaus B\u00f6rger steht seit 1985 an diesem Platz. Vorher stand dieses Haus auf dem M\u00fchlenhof am Busch in B\u00f6rger. \u00dcber 200 Jahre diente es hier den M\u00fcller-, Walkem\u00fcller- und Heuerleuten als Wohn- und Wirtschaftsgeb\u00e4ude. (Walkem\u00fcllerhaus) In den 50er Jahren des 20. Jahrhunderts wurde es unbewohnbar und wurde fortan nur noch als Lager genutzt. Im Torbogen des alten Hauses kann man das Baujahr (1751) und die Namen der Erbauer (Hermann M\u00fcller und Anna M\u00fcllers geb. Tieken) finden. Im Jahre 1985\/1986 wurde das Walkem\u00fcllerhaus auf dem M\u00fchlenhof abgebaut und an der Lehmkuhle auf dem Riegen wieder aufgebaut. Als sich im Dez. 1987 der Heimatverein B\u00f6rger gr\u00fcndete, \u00fcbergab der damalige B\u00fcrgermeister Hans-Theo Jansen das Geb\u00e4ude dem neu gegr\u00fcndeten Heimatverein B\u00f6rger e.V. zu Nutzung. Seit dieser Zeit wird das H\u00fcmmlinghaus als Heimathaus und f\u00fcr Veranstaltungen der Gemeinde in vielfacher Weise genutzt. Veranstaltungen des Heimatvereins oder Treffen anderer Vereine und Gruppen zur Verwirklichung der Ziele des Heimatgedankens sind hier zu Hause, aber auch viele \u00f6ffentliche Veranstaltungen z.B. im  Rahmen des Fremdenverkehrs k\u00f6nnen im Heimathaus stattfinden. Wander- und G\u00e4stegruppen die das Haus nutzen wollen, sind herzlich willkommen. <\/p>\n<p>Neben dem Heimathaus befand sich bis 2014 eine \u201eWagenremise\u201c (Wagenschuul) auf dem Gel\u00e4nde. Dieses Geb\u00e4ude dient dem Arbeitskreis \u201ehistorische Sammlung\u201c als Werkstatt. Dieses Wagenschuul war bauf\u00e4llig und wurde (mit starkem Holzbockbefall) abgerissen. An diesem Platz entsteht ab Sommer 2014 ein Mehrzweckgeb\u00e4ude, indem die Heimatarbeit intensiviert werden soll. Dieses Geb\u00e4ude erh\u00e4lt den Namen &#8222;Zehntscheune&#8220; weil in unmittelbarer N\u00e4he des Geb\u00e4udes hier im Brink, einst eine von zwei Zehntscheunen (zur Sammlung von Steuerabgaben der Gemeinde B\u00f6rger) stand. In dieser Zehntscheune soll k\u00fcnftig einen Archivraum f\u00fcr die Literatur und Arbeiten des AK Geschichte sowie einen Arbeitsraum f\u00fcr die Jahresschrift des Verein im Obergescho\u00df aufnehmen. Dort findet man sp\u00e4ter auch eine kleine Teek\u00fcche und einen Gruppenraum f\u00fcr &#8222;Au\u00dferschulische Aktivit\u00e4ten von Schulen, Gruppen und Vereine&#8220;. Eine \u00f6ffentliche Toilettenanlage, ein gro\u00dfer Ausstellungsraum mit Begr\u00fc\u00dfungsraum finden im Untergescho\u00df Platz. Der Heimatverein B\u00f6rger hat eine wertvolle Sammlung von altem Hausrat und Einrichtungen des Landlebens von Landwirten und Handwerkern fr\u00fcherer Zeit. <\/p>\n<p>Das Heimathaus, &#8222;Walkem\u00fcllerhaus&#8220; und das Mehrzweckgeb\u00e4ude, die &#8222;Zehntscheune&#8220; liegen idyllisch an den Dorfteichen \u201eLehmkuhle\u201c und \u201e\u00dclkepoaul\u201c auf dem Riegen. In B\u00f6rger sind noch drei von einst zehn Tr\u00e4nken (Dorfteiche) vorhanden. Mit dem zweiten Geb\u00e4ude auf dem Heimathof (im Eichenbrink an den Teichen) machen wir einen weiteren Schritt um die Au\u00dfendarstellung B\u00f6rgers zu verbessern. Ideen, ein Backhaus und eine Schmiede zu verwirklichen sind da, diese Planungen sind aber noch Zukunft. Die Teiche wurden fr\u00fcher als Tr\u00e4nke f\u00fcr das Vieh sehr wichtig und man entnahm hier Baumaterial f\u00fcr die Fertigung von Geb\u00e4uden, vor allem Tonlehm Flechtw\u00e4nde, Kamin und Schornsteinbauten und Hausb\u00f6den. Im n\u00f6rdlich angrenzenden Brink wuchs und w\u00e4chst Eichenholz, das fr\u00fcher als Bauholz Verwendung fand. Die Eichen des Brinkes dienten auch der Schweinenast und zum Wetterschutz des Ortes.<\/p>\n<p><img loading=\"lazy\" decoding=\"async\" src=\"http:\/\/heimatverein.he-webpack.de\/wp-content\/uploads\/2009\/03\/hh-riegen21.jpg\" alt=\"Heimathaus im Winter\" title=\"Heimathaus im Winter\" width=\"640\" height=\"480\" class=\"alignright size-full wp-image-190\" srcset=\"http:\/\/heimatverein.he-webpack.de\/wp-content\/uploads\/2009\/03\/hh-riegen21.jpg 640w, http:\/\/heimatverein.he-webpack.de\/wp-content\/uploads\/2009\/03\/hh-riegen21-300x225.jpg 300w\" sizes=\"auto, (max-width: 640px) 100vw, 640px\" \/> <\/p>\n","protected":false},"excerpt":{"rendered":"<p><p id=\"caption-attachment-11\" class=\"wp-caption-text\">Das Heimathaus, idylisch an den Dorfteichen des Riegen gelegen &#8211; Foto: UB<\/p>\n<p>Das Heimathaus B\u00f6rger steht seit 1985 an diesem Platz. Vorher stand dieses Haus auf dem M\u00fchlenhof am Busch in B\u00f6rger. \u00dcber 200 Jahre diente es hier den M\u00fcller-, Walkem\u00fcller- und Heuerleuten als Wohn- und Wirtschaftsgeb\u00e4ude. (Walkem\u00fcllerhaus) In den 50er Jahren des 20. [&#8230;]<\/p>\n","protected":false},"author":2,"featured_media":0,"parent":0,"menu_order":0,"comment_status":"closed","ping_status":"open","template":"","meta":{"ngg_post_thumbnail":0,"footnotes":""},"class_list":["post-1068","page","type-page","status-publish","hentry","odd"],"_links":{"self":[{"href":"http:\/\/heimatverein.he-webpack.de\/index.php?rest_route=\/wp\/v2\/pages\/1068","targetHints":{"allow":["GET"]}}],"collection":[{"href":"http:\/\/heimatverein.he-webpack.de\/index.php?rest_route=\/wp\/v2\/pages"}],"about":[{"href":"http:\/\/heimatverein.he-webpack.de\/index.php?rest_route=\/wp\/v2\/types\/page"}],"author":[{"embeddable":true,"href":"http:\/\/heimatverein.he-webpack.de\/index.php?rest_route=\/wp\/v2\/users\/2"}],"replies":[{"embeddable":true,"href":"http:\/\/heimatverein.he-webpack.de\/index.php?rest_route=%2Fwp%2Fv2%2Fcomments&post=1068"}],"version-history":[{"count":11,"href":"http:\/\/heimatverein.he-webpack.de\/index.php?rest_route=\/wp\/v2\/pages\/1068\/revisions"}],"predecessor-version":[{"id":1070,"href":"http:\/\/heimatverein.he-webpack.de\/index.php?rest_route=\/wp\/v2\/pages\/1068\/revisions\/1070"}],"wp:attachment":[{"href":"http:\/\/heimatverein.he-webpack.de\/index.php?rest_route=%2Fwp%2Fv2%2Fmedia&parent=1068"}],"curies":[{"name":"wp","href":"https:\/\/api.w.org\/{rel}","templated":true}]}}